{"id":22818,"date":"2025-09-09T14:21:54","date_gmt":"2025-09-09T12:21:54","guid":{"rendered":"https:\/\/medisynt.com\/?page_id=22818"},"modified":"2025-10-09T15:13:10","modified_gmt":"2025-10-09T13:13:10","slug":"tb-161-chlorid-nca","status":"publish","type":"page","link":"https:\/\/medisynt.com\/at\/tb-161-chlorid-nca\/","title":{"rendered":"Tb-161 Chlorid (NCA)"},"content":{"rendered":"<div class=\"wpb-content-wrapper\"><p>[vc_row][vc_column][vc_column_text]<\/p>\n<p>[\/vc_column_text][\/vc_column][\/vc_row][vc_row content_placement=&#8220;&#8220;middle&#8220;&#8220; css=&#8220;&#8220;.vc_custom_1668522880497{padding-top:&#8220;][vc_column css=&#8220;&#8220;.vc_custom_1515176050896{padding-top:&#8220; offset=&#8220;&#8220;vc_col-lg-6&#8243;][vc_row_inner][vc_column_inner][vc_single_image image=&#8220;&#8220;21761&#8243;&#8220; img_size=&#8220;&#8220;full&#8220;&#8220; alignment=&#8220;&#8220;center&#8220;&#8220; style=&#8220;&#8220;vc_box_shadow&#8220;&#8220; onclick=&#8220;&#8220;zoom&#8220;&#8220; css=&#8220;&#8220;&#8220;&#8220;][\/vc_column_inner][\/vc_row_inner][\/vc_column][vc_column css=&#8220;&#8220;.vc_custom_1668522844678{padding-bottom:&#8220; offset=&#8220;&#8220;vc_col-lg-6&#8243;]<div id=\"ultimate-heading-944969e05d03522ad\" class=\"uvc-heading ult-adjust-bottom-margin ultimate-heading-944969e05d03522ad uvc-531  uvc-heading-default-font-sizes\" data-hspacer=\"no_spacer\"  data-halign=\"center\" style=\"text-align:center\"><div class=\"uvc-heading-spacer no_spacer\" style=\"top\"><\/div><div class=\"uvc-sub-heading ult-responsive\"  data-ultimate-target='.uvc-heading.ultimate-heading-944969e05d03522ad .uvc-sub-heading '  data-responsive-json-new='{\"font-size\":\"\",\"line-height\":\"\"}'  style=\"font-weight:normal;\">Wir sind stolz darauf, das erste kommerzielle Terbium-161 Produkt anbieten zu k\u00f6nnen!<\/div><\/div>[vc_column_text css=&#8220;&#8220;&#8220;&#8220;]Terbium-161 wird in in h\u00f6chster radiochemischer Qualit\u00e4t unter Nicht-GMP-Bedingungen hergestellt und ist erh\u00e4ltlich in 0,05M HCl-L\u00f6sung.<\/p>\n<p>Das tr\u00e4gerfreie Lanthanoid (NCA) Terbium-161 wird durch Neutronenaktivierung von hochangereichertem Gadolinium-160 in kleinen und mittleren Forschungsreaktoren hergestellt. Als vielversprechendes Radionuklid f\u00fcr die Radioligandentherapie besitzt Terbium-161 vergleichbare chemische Eigenschaften wie die bekannten Radiolanthanide, so dass die heutigen Radiomarkierungstechniken eingesetzt werden k\u00f6nnen.<\/p>\n<p>Aus klinischer Sicht deuten erste Forschungsergebnisse darauf hin, dass die Emission von Auger- und Konversionselektronen bei der Verwendung von Terbium-161 im Vergleich zu anderen bekannten Radiolanthaniden zu einer verbesserten Antitumorwirkung f\u00fchrt, insbesondere bei (mikro)metastasierten Krebsarten.[\/vc_column_text][\/vc_column][\/vc_row][vc_row bg_type=&#8220;&#8220;bg_color&#8220;&#8220; css=&#8220;&#8220;.vc_custom_1724671635181{padding-bottom:&#8220;][vc_column]<div id=\"ultimate-heading-605769e05d03522d4\" class=\"uvc-heading ult-adjust-bottom-margin ultimate-heading-605769e05d03522d4 uvc-2839  uvc-heading-default-font-sizes\" data-hspacer=\"no_spacer\"  data-halign=\"center\" style=\"text-align:center\"><div class=\"uvc-heading-spacer no_spacer\" style=\"top\"><\/div><\/div>[vc_row_inner][vc_column_inner width=&#8220;&#8220;1\/3&#8243;&#8220;]<div class=\"aio-icon-component    style_1\"><div id=\"Info-box-wrap-9440\" class=\"aio-icon-box default-icon\" style=\"\"  ><div class=\"aio-icon-description ult-responsive\"  data-ultimate-target='#Info-box-wrap-9440 .aio-icon-description'  data-responsive-json-new='{\"font-size\":\"\",\"line-height\":\"\"}'  style=\"\">M\u00f6gliche Indikationen Prostata-, Brust-, neuroendokrine und solide Krebsarten<\/div> <!-- description --><\/div> <!-- aio-icon-box --><\/div> <!-- aio-icon-component -->[\/vc_column_inner][vc_column_inner width=&#8220;&#8220;1\/3&#8243;&#8220;]<div class=\"aio-icon-component    style_1\"><div id=\"Info-box-wrap-7915\" class=\"aio-icon-box default-icon\" style=\"\"  ><div class=\"aio-icon-description ult-responsive\"  data-ultimate-target='#Info-box-wrap-7915 .aio-icon-description'  data-responsive-json-new='{\"font-size\":\"\",\"line-height\":\"\"}'  style=\"\">E\u03b2 154KeV (Durchschnitt)<br \/>\nE\u03b3 49keV (17%) 75keV (10%)<\/div> <!-- description --><\/div> <!-- aio-icon-box --><\/div> <!-- aio-icon-component -->[\/vc_column_inner][vc_column_inner width=&#8220;&#8220;1\/3&#8243;&#8220;]<div class=\"aio-icon-component    style_1\"><div id=\"Info-box-wrap-4402\" class=\"aio-icon-box default-icon\" style=\"\"  ><div class=\"aio-icon-description ult-responsive\"  data-ultimate-target='#Info-box-wrap-4402 .aio-icon-description'  data-responsive-json-new='{\"font-size\":\"\",\"line-height\":\"\"}'  style=\"\">Produkt Tb-161 in w\u00e4ssriger 0,05M HCl<br \/>\nZerf\u00e4llt zu stabilem Dy-161<\/div> <!-- description --><\/div> <!-- aio-icon-box --><\/div> <!-- aio-icon-component -->[\/vc_column_inner][\/vc_row_inner][vc_row_inner][vc_column_inner width=&#8220;&#8220;1\/3&#8243;&#8220;]<div class=\"aio-icon-component    style_1\"><div id=\"Info-box-wrap-2459\" class=\"aio-icon-box default-icon\" style=\"\"  ><div class=\"aio-icon-description ult-responsive\"  data-ultimate-target='#Info-box-wrap-2459 .aio-icon-description'  data-responsive-json-new='{\"font-size\":\"\",\"line-height\":\"\"}'  style=\"\">Um den Faktor 3 h\u00f6here zellul\u00e4re Energiedosis<br \/>\nHohe LET-Konversion &amp; Auger-Elektronen<\/div> <!-- description --><\/div> <!-- aio-icon-box --><\/div> <!-- aio-icon-component -->[\/vc_column_inner][vc_column_inner width=&#8220;&#8220;1\/3&#8243;&#8220;]<div class=\"aio-icon-component    style_1\"><div id=\"Info-box-wrap-1082\" class=\"aio-icon-box default-icon\" style=\"\"  ><div class=\"aio-icon-description ult-responsive\"  data-ultimate-target='#Info-box-wrap-1082 .aio-icon-description'  data-responsive-json-new='{\"font-size\":\"\",\"line-height\":\"\"}'  style=\"\">Chemische Reinheit &gt;99% (ICP-MS)<br \/>\nRadiochemische Reinheit &gt;99% (TLC)<\/div> <!-- description --><\/div> <!-- aio-icon-box --><\/div> <!-- aio-icon-component -->[\/vc_column_inner][vc_column_inner width=&#8220;&#8220;1\/3&#8243;&#8220;]<div class=\"aio-icon-component    style_1\"><div id=\"Info-box-wrap-7917\" class=\"aio-icon-box default-icon\" style=\"\"  ><div class=\"aio-icon-description ult-responsive\"  data-ultimate-target='#Info-box-wrap-7917 .aio-icon-description'  data-responsive-json-new='{\"font-size\":\"\",\"line-height\":\"\"}'  style=\"\">sofortige Verf\u00fcgbarkeit<br \/>\nnur f\u00fcr Forschungs- und Studienzwecke<\/div> <!-- description --><\/div> <!-- aio-icon-box --><\/div> <!-- aio-icon-component -->[\/vc_column_inner][\/vc_row_inner][\/vc_column][\/vc_row][vc_row css=&#8220;&#8220;.vc_custom_1724668177449{padding-bottom:&#8220;][vc_column][vc_row_inner][vc_column_inner width=&#8220;&#8220;1\/3&#8243;&#8220;]<div id=\"ultimate-heading-211369e05d03525c2\" class=\"uvc-heading ult-adjust-bottom-margin ultimate-heading-211369e05d03525c2 uvc-8056  uvc-heading-default-font-sizes\" data-hspacer=\"no_spacer\"  data-halign=\"center\" style=\"text-align:center\"><div class=\"uvc-heading-spacer no_spacer\" style=\"top\"><\/div><div class=\"uvc-sub-heading ult-responsive\"  data-ultimate-target='.uvc-heading.ultimate-heading-211369e05d03525c2 .uvc-sub-heading '  data-responsive-json-new='{\"font-size\":\"\",\"line-height\":\"\"}'  style=\"font-weight:normal;\">Unter Verwendung von PSMA- und SST-Analoga zeigte Terbium-161 eine ausgezeichnete Bio\u00e4quivalenz und eine vergleichbare Biodistribution wie die derzeit verwendeten Radiolanthanide. Dar\u00fcber hinaus wird erwartet, dass die 16-fache Erh\u00f6hung der Auger- und Konversionselektronen die zellul\u00e4r absorbierte Dosis im Vergleich zu den derzeit verwendeten Radiolanthaniden um das bis zu Dreifache erh\u00f6ht und gleichzeitig die Behandlung sowohl prim\u00e4rer als auch nicht nachweisbarer (Mikro-)Metastasen erm\u00f6glicht. Dadurch wird die Krankheitskontrolle insgesamt verbessert.<\/div><\/div>[\/vc_column_inner][vc_column_inner width=&#8220;&#8220;1\/3&#8243;&#8220;]<div id=\"ultimate-heading-265469e05d03525ec\" class=\"uvc-heading ult-adjust-bottom-margin ultimate-heading-265469e05d03525ec uvc-769  uvc-heading-default-font-sizes\" data-hspacer=\"no_spacer\"  data-halign=\"center\" style=\"text-align:center\"><div class=\"uvc-heading-spacer no_spacer\" style=\"top\"><\/div><div class=\"uvc-sub-heading ult-responsive\"  data-ultimate-target='.uvc-heading.ultimate-heading-265469e05d03525ec .uvc-sub-heading '  data-responsive-json-new='{\"font-size\":\"\",\"line-height\":\"\"}'  style=\"font-weight:normal;\">Die emittierte Gammastrahlung kann sowohl f\u00fcr planare Ganzk\u00f6rperaufnahmen als auch f\u00fcr SPECT\/CT genutzt werden, wenn das Energiefenster bei 74,6 KeV zentriert wird.<\/p>\n<p>Durch die Optimierung der SPECT-Rekonstruktionsparameter kann Terbium-161 eine r\u00e4umlich h\u00f6her aufgel\u00f6ste SPECT-Bildgebung erm\u00f6glichen. Das f\u00fchrt zur Erkennung kleinerer L\u00e4sionen, die als Grundlage f\u00fcr einen weiter optimierten Behandlungsplan dienen.<\/div><\/div>[\/vc_column_inner][vc_column_inner width=&#8220;&#8220;1\/3&#8243;&#8220;]<div id=\"ultimate-heading-728869e05d0352603\" class=\"uvc-heading ult-adjust-bottom-margin ultimate-heading-728869e05d0352603 uvc-38  uvc-heading-default-font-sizes\" data-hspacer=\"no_spacer\"  data-halign=\"center\" style=\"text-align:center\"><div class=\"uvc-heading-spacer no_spacer\" style=\"top\"><\/div><div class=\"uvc-sub-heading ult-responsive\"  data-ultimate-target='.uvc-heading.ultimate-heading-728869e05d0352603 .uvc-sub-heading '  data-responsive-json-new='{\"font-size\":\"\",\"line-height\":\"\"}'  style=\"font-weight:normal;\">Terbium-161 f\u00fchrt im Vergleich zu den derzeitigen Standard-Radioliganden zu einer sofortigen Verringerung der Dosisleistung und damit zu einer erheblichen Verbesserung des allgemeinen Strahlenschutzes. Diese Optimierung des Strahlenschutzes kann die derzeitige Kapazit\u00e4t der Behandlungsr\u00e4ume f\u00fcr die Radioligandentherapie erweitern. Das tr\u00e4gerfreie Produkt (NCA) erm\u00f6glicht eine optimale Kontrolle des radioaktiven Abfallflusses mit verk\u00fcrzter Abklingzeit bei lokaler Lagerung.<\/div><\/div>[\/vc_column_inner][\/vc_row_inner][\/vc_column][\/vc_row][vc_row equal_height=&#8220;&#8220;yes&#8220;&#8220; bg_type=&#8220;&#8220;bg_color&#8220;&#8220; css=&#8220;&#8220;.vc_custom_1591189253615{margin-top:&#8220;][vc_column css=&#8220;&#8220;.vc_custom_1591118513478{padding-bottom:&#8220; offset=&#8220;&#8220;vc_col-lg-12&#8243;][vc_row_inner equal_height=&#8220;&#8220;yes&#8220;&#8220; content_placement=&#8220;&#8220;middle&#8220;&#8220;][vc_column_inner css=&#8220;&#8220;.vc_custom_1591118388188{padding-top:&#8220;]<div id=\"ultimate-heading-314769e05d035261a\" class=\"uvc-heading ult-adjust-bottom-margin ultimate-heading-314769e05d035261a uvc-2868  uvc-heading-default-font-sizes\" data-hspacer=\"no_spacer\"  data-halign=\"center\" style=\"text-align:center\"><div class=\"uvc-heading-spacer no_spacer\" style=\"top\"><\/div><div class=\"uvc-sub-heading ult-responsive\"  data-ultimate-target='.uvc-heading.ultimate-heading-314769e05d035261a .uvc-sub-heading '  data-responsive-json-new='{\"font-size\":\"\",\"line-height\":\"\"}'  style=\"font-weight:normal;\">Gern beraten wir Sie in Bezug auf Ihre individuellen Anforderungen.<\/div><\/div>\n\t\t\t<div class=\"ult_dual_button  ult-adjust-bottom-margin to-center  \"  data-response=\"on\" id=\"ult_btn_3278117173\">\n\n\t\t\t<div id=\"dualbtn-5794\" class=\"ulitmate_dual_buttons ult-dual-btn ult_main_dualbtn \" data-bcolor=\"#333333\"data-bhcolor=\"\">\n\n\t\t\t<div class=\"ult_dualbutton-wrapper btn-inline place-template bt1 \"><a href=\"javascript:void(0);\" title=\"Sie erreichen uns telefonisch\" target=\"_blank``\"  class=\"ult_ivan_button round-square with-icon icon-before with-text place-template ult_dual1\" style=\";margin-right:px;;background-color:#ffffff !important;; border-color:#333333;border-style:;border-width:0px;border-radius:px;;\">\n\t\t\t<span class=\"ult-dual-btn-1 Style 1\" style=\"\"  data-bgcolor=\"#ffffff\" data-bghovercolor=\"#bcbcbc\" data-icon_color=\"#333333\" data-icon_hover_color=\"#333333\" data-textcolor=\"#333333\" data-texthovercolor=\"#333333\" data-iconbgcolor=\"transperent\" data-iconbghovercolor=\"transperent\" data-iconborder=\"transperent\" data-iconhoverborder=\"transperent\" >\n\t\t\t<span class=\"icon-simple icon-left1 ult_btn1span \"  style=\"; \">\n<span class=\"aio-icon btn1icon none \"  style=\"color:#333333;font-size:32px;\">\n\t<i class=\"``icomoon-the7-font-the7-phone-06``\" ><\/i>\n<\/span><\/span>\n\t\t\t<span class=\"text-btn ult-dual-button-title ult-responsive\"  data-ultimate-target='#dualbtn-5794 .ult-dual-button-title'  data-responsive-json-new='{\"font-size\":\"desktop:15px;\",\"line-height\":\"desktop:15px;\"}'  style=\"font-weight:normal;color:#333333;\">``Anruf<\/span>\n\n\t\t\t<\/span>\n\t\t\t<\/a><span class=\"middle-text\" style=\"line-height: 1.8em;color:#ffffff;background-color:#333333;border-width:0px;\">\n\t\t\t<span class=\"middle-inner\"  >or<\/span>\n\t\t\t<\/span>\n\n\t\t\t<\/div>\n\n\t\t\t<div class=\"ult_dualbutton-wrapper btn-inline place-template btn2 \"><a href=\"\/at\/kontakt\" title=\"Kontaktieren Sie uns\"  class=\"ult_ivan_button round-square with-icon icon-after with-text place-template ult_dual2\"  style=\";background-color:#ffffff !important;;margin-left:px;;border-color:#333333;border-style:;border-width:0px;border-radius:px;\">\n\t\t\t<span class=\"ult-dual-btn-2 Style 1\"  data-bgcolor=\"#ffffff\" data-bghovercolor=\"#bcbcbc\" data-icon_color=\"#333333\" data-icon_hover_color=\"#333333\" data-textcolor=\"#333333\" data-texthovercolor=\"#333333\" data-iconbgcolor=\"transperent\" data-iconbghovercolor=\"transperent\" data-iconborder=\"transperent\" data-iconhoverborder=\"transperent\" >\n\t\t\t<span class=\"text-btn ult-dual-button-title\" style=\"font-weight:normal;color:#333333;\">Kontakt<\/span>\n\n\t\t\t<span class=\"icon-simple icon-right2 ult_btn1span \"  style=\"; \">\n<span class=\"aio-icon btn1icon none \"  style=\"color:#333333;font-size:32px;display:inline-block;\">\n\t<i class=\"``dt-icon-the7-arrow-35-2``\" ><\/i>\n<\/span><\/span>\n\t\t\t<\/span>\n\t\t\t<\/a><\/div>\n\t\t\t<\/div>\n\t\t\t<\/div>[\/vc_column_inner][\/vc_row_inner][\/vc_column][\/vc_row][vc_row][vc_column][vc_column_text]<\/p>\n<p>[\/vc_column_text][\/vc_column][\/vc_row]<\/p>\n<\/div>","protected":false},"excerpt":{"rendered":"<p>[vc_row][vc_column][vc_column_text] [\/vc_column_text][\/vc_column][\/vc_row][vc_row content_placement=&#8220;&#8220;middle&#8220;&#8220; css=&#8220;&#8220;.vc_custom_1668522880497{padding-top:&#8220;][vc_column css=&#8220;&#8220;.vc_custom_1515176050896{padding-top:&#8220; offset=&#8220;&#8220;vc_col-lg-6&#8243;][vc_row_inner][vc_column_inner][vc_single_image image=&#8220;&#8220;21761&#8243;&#8220; img_size=&#8220;&#8220;full&#8220;&#8220; alignment=&#8220;&#8220;center&#8220;&#8220; style=&#8220;&#8220;vc_box_shadow&#8220;&#8220; onclick=&#8220;&#8220;zoom&#8220;&#8220; css=&#8220;&#8220;&#8220;&#8220;][\/vc_column_inner][\/vc_row_inner][\/vc_column][vc_column css=&#8220;&#8220;.vc_custom_1668522844678{padding-bottom:&#8220; offset=&#8220;&#8220;vc_col-lg-6&#8243;][vc_column_text css=&#8220;&#8220;&#8220;&#8220;]Terbium-161 wird in in h\u00f6chster radiochemischer Qualit\u00e4t unter Nicht-GMP-Bedingungen hergestellt und ist erh\u00e4ltlich in 0,05M HCl-L\u00f6sung. Das tr\u00e4gerfreie Lanthanoid (NCA) Terbium-161 wird durch Neutronenaktivierung von hochangereichertem Gadolinium-160 in kleinen und mittleren Forschungsreaktoren hergestellt. Als vielversprechendes Radionuklid f\u00fcr die Radioligandentherapie besitzt Terbium-161&hellip;<\/p>\n","protected":false},"author":1,"featured_media":0,"parent":0,"menu_order":0,"comment_status":"closed","ping_status":"closed","template":"","meta":{"footnotes":""},"class_list":["post-22818","page","type-page","status-publish","hentry","description-off"],"yoast_head":"<!-- This site is optimized with the Yoast SEO Premium plugin v27.2 (Yoast SEO v27.4) - https:\/\/yoast.com\/product\/yoast-seo-premium-wordpress\/ -->\n<title>Tb-161 Chlorid (NCA) &#187; medisynt AG<\/title>\n<meta name=\"description\" content=\"TERBIUM-161 f\u00fcr die Nuklearmedizin \u279f GMP-Qualit\u00e4t \u279f weltweit erstes GMP-konforme Terbium-161 NCA \u272d Radioligandentherapie\" \/>\n<meta name=\"robots\" content=\"index, follow, max-snippet:-1, max-image-preview:large, max-video-preview:-1\" \/>\n<link rel=\"canonical\" href=\"https:\/\/medisynt.com\/at\/tb-161-chlorid-nca\/\" \/>\n<meta property=\"og:locale\" content=\"de_DE\" \/>\n<meta property=\"og:type\" content=\"article\" \/>\n<meta property=\"og:title\" content=\"Tb-161 Chlorid (NCA)\" \/>\n<meta property=\"og:description\" content=\"TERBIUM-161 f\u00fcr die Nuklearmedizin \u279f GMP-Qualit\u00e4t \u279f weltweit erstes GMP-konforme Terbium-161 NCA \u272d Radioligandentherapie\" \/>\n<meta property=\"og:url\" content=\"https:\/\/medisynt.com\/at\/tb-161-chlorid-nca\/\" \/>\n<meta property=\"og:site_name\" content=\"medisynt AG\" \/>\n<meta property=\"article:modified_time\" content=\"2025-10-09T13:13:10+00:00\" \/>\n<meta name=\"twitter:card\" content=\"summary_large_image\" \/>\n<meta name=\"twitter:label1\" content=\"Gesch\u00e4tzte Lesezeit\" \/>\n\t<meta name=\"twitter:data1\" content=\"3\u00a0Minuten\" \/>\n<script type=\"application\/ld+json\" class=\"yoast-schema-graph\">{\"@context\":\"https:\\\/\\\/schema.org\",\"@graph\":[{\"@type\":\"WebPage\",\"@id\":\"https:\\\/\\\/medisynt.com\\\/at\\\/tb-161-chlorid-nca\\\/\",\"url\":\"https:\\\/\\\/medisynt.com\\\/at\\\/tb-161-chlorid-nca\\\/\",\"name\":\"Tb-161 Chlorid (NCA) &#187; medisynt AG\",\"isPartOf\":{\"@id\":\"https:\\\/\\\/medisynt.com\\\/at\\\/#website\"},\"datePublished\":\"2025-09-09T12:21:54+00:00\",\"dateModified\":\"2025-10-09T13:13:10+00:00\",\"description\":\"TERBIUM-161 f\u00fcr die Nuklearmedizin \u279f GMP-Qualit\u00e4t \u279f weltweit erstes GMP-konforme Terbium-161 NCA \u272d Radioligandentherapie\",\"breadcrumb\":{\"@id\":\"https:\\\/\\\/medisynt.com\\\/at\\\/tb-161-chlorid-nca\\\/#breadcrumb\"},\"inLanguage\":\"de\",\"potentialAction\":[{\"@type\":\"ReadAction\",\"target\":[\"https:\\\/\\\/medisynt.com\\\/at\\\/tb-161-chlorid-nca\\\/\"]}]},{\"@type\":\"BreadcrumbList\",\"@id\":\"https:\\\/\\\/medisynt.com\\\/at\\\/tb-161-chlorid-nca\\\/#breadcrumb\",\"itemListElement\":[{\"@type\":\"ListItem\",\"position\":1,\"name\":\"Startseite\",\"item\":\"https:\\\/\\\/medisynt.com\\\/at\\\/\"},{\"@type\":\"ListItem\",\"position\":2,\"name\":\"Tb-161 Chlorid (NCA)\"}]},{\"@type\":\"WebSite\",\"@id\":\"https:\\\/\\\/medisynt.com\\\/at\\\/#website\",\"url\":\"https:\\\/\\\/medisynt.com\\\/at\\\/\",\"name\":\"medisynt AG\",\"description\":\"medisynt AT\",\"potentialAction\":[{\"@type\":\"SearchAction\",\"target\":{\"@type\":\"EntryPoint\",\"urlTemplate\":\"https:\\\/\\\/medisynt.com\\\/at\\\/?s={search_term_string}\"},\"query-input\":{\"@type\":\"PropertyValueSpecification\",\"valueRequired\":true,\"valueName\":\"search_term_string\"}}],\"inLanguage\":\"de\"}]}<\/script>\n<!-- \/ Yoast SEO Premium plugin. -->","yoast_head_json":{"title":"Tb-161 Chlorid (NCA) &#187; medisynt AG","description":"TERBIUM-161 f\u00fcr die Nuklearmedizin \u279f GMP-Qualit\u00e4t \u279f weltweit erstes GMP-konforme Terbium-161 NCA \u272d Radioligandentherapie","robots":{"index":"index","follow":"follow","max-snippet":"max-snippet:-1","max-image-preview":"max-image-preview:large","max-video-preview":"max-video-preview:-1"},"canonical":"https:\/\/medisynt.com\/at\/tb-161-chlorid-nca\/","og_locale":"de_DE","og_type":"article","og_title":"Tb-161 Chlorid (NCA)","og_description":"TERBIUM-161 f\u00fcr die Nuklearmedizin \u279f GMP-Qualit\u00e4t \u279f weltweit erstes GMP-konforme Terbium-161 NCA \u272d Radioligandentherapie","og_url":"https:\/\/medisynt.com\/at\/tb-161-chlorid-nca\/","og_site_name":"medisynt AG","article_modified_time":"2025-10-09T13:13:10+00:00","twitter_card":"summary_large_image","twitter_misc":{"Gesch\u00e4tzte Lesezeit":"3\u00a0Minuten"},"schema":{"@context":"https:\/\/schema.org","@graph":[{"@type":"WebPage","@id":"https:\/\/medisynt.com\/at\/tb-161-chlorid-nca\/","url":"https:\/\/medisynt.com\/at\/tb-161-chlorid-nca\/","name":"Tb-161 Chlorid (NCA) &#187; medisynt AG","isPartOf":{"@id":"https:\/\/medisynt.com\/at\/#website"},"datePublished":"2025-09-09T12:21:54+00:00","dateModified":"2025-10-09T13:13:10+00:00","description":"TERBIUM-161 f\u00fcr die Nuklearmedizin \u279f GMP-Qualit\u00e4t \u279f weltweit erstes GMP-konforme Terbium-161 NCA \u272d Radioligandentherapie","breadcrumb":{"@id":"https:\/\/medisynt.com\/at\/tb-161-chlorid-nca\/#breadcrumb"},"inLanguage":"de","potentialAction":[{"@type":"ReadAction","target":["https:\/\/medisynt.com\/at\/tb-161-chlorid-nca\/"]}]},{"@type":"BreadcrumbList","@id":"https:\/\/medisynt.com\/at\/tb-161-chlorid-nca\/#breadcrumb","itemListElement":[{"@type":"ListItem","position":1,"name":"Startseite","item":"https:\/\/medisynt.com\/at\/"},{"@type":"ListItem","position":2,"name":"Tb-161 Chlorid (NCA)"}]},{"@type":"WebSite","@id":"https:\/\/medisynt.com\/at\/#website","url":"https:\/\/medisynt.com\/at\/","name":"medisynt AG","description":"medisynt AT","potentialAction":[{"@type":"SearchAction","target":{"@type":"EntryPoint","urlTemplate":"https:\/\/medisynt.com\/at\/?s={search_term_string}"},"query-input":{"@type":"PropertyValueSpecification","valueRequired":true,"valueName":"search_term_string"}}],"inLanguage":"de"}]}},"_links":{"self":[{"href":"https:\/\/medisynt.com\/at\/wp-json\/wp\/v2\/pages\/22818","targetHints":{"allow":["GET"]}}],"collection":[{"href":"https:\/\/medisynt.com\/at\/wp-json\/wp\/v2\/pages"}],"about":[{"href":"https:\/\/medisynt.com\/at\/wp-json\/wp\/v2\/types\/page"}],"author":[{"embeddable":true,"href":"https:\/\/medisynt.com\/at\/wp-json\/wp\/v2\/users\/1"}],"replies":[{"embeddable":true,"href":"https:\/\/medisynt.com\/at\/wp-json\/wp\/v2\/comments?post=22818"}],"version-history":[{"count":2,"href":"https:\/\/medisynt.com\/at\/wp-json\/wp\/v2\/pages\/22818\/revisions"}],"predecessor-version":[{"id":22823,"href":"https:\/\/medisynt.com\/at\/wp-json\/wp\/v2\/pages\/22818\/revisions\/22823"}],"wp:attachment":[{"href":"https:\/\/medisynt.com\/at\/wp-json\/wp\/v2\/media?parent=22818"}],"curies":[{"name":"wp","href":"https:\/\/api.w.org\/{rel}","templated":true}]}}