{"id":22880,"date":"2025-08-09T17:34:58","date_gmt":"2025-08-09T15:34:58","guid":{"rendered":"https:\/\/medisynt.com\/?page_id=22835"},"modified":"2025-10-09T17:55:08","modified_gmt":"2025-10-09T15:55:08","slug":"myqa-srs","status":"publish","type":"page","link":"https:\/\/medisynt.com\/at\/myqa-srs\/","title":{"rendered":"myQA SRS"},"content":{"rendered":"<div class=\"wpb-content-wrapper\"><p>[vc_row equal_height=&#8220;yes&#8220; content_placement=&#8220;middle&#8220; css=&#8220;.vc_custom_1591189661847{padding-top: 20px !important;padding-bottom: 10px !important;}&#8220;][vc_column css=&#8220;.vc_custom_1515176050896{padding-top: 10px !important;padding-bottom: 50px !important;background-position: center !important;background-repeat: no-repeat !important;background-size: cover !important;}&#8220; offset=&#8220;vc_col-lg-6 vc_col-md-6&#8243;][vc_row_inner][vc_column_inner][vc_single_image image=&#8220;22893&#8243; img_size=&#8220;full&#8220; alignment=&#8220;center&#8220; style=&#8220;vc_box_shadow&#8220; onclick=&#8220;zoom&#8220; css=&#8220;&#8220;][\/vc_column_inner][\/vc_row_inner][\/vc_column][vc_column css=&#8220;.vc_custom_1579255802629{padding-bottom: 30px !important;background-position: center !important;background-repeat: no-repeat !important;background-size: cover !important;}&#8220; offset=&#8220;vc_col-lg-6 vc_col-md-6&#8243;]<div id=\"ultimate-heading-974969e5e5feb649b\" class=\"uvc-heading ult-adjust-bottom-margin ultimate-heading-974969e5e5feb649b uvc-2265 accent-border-color accent-title-color\" data-hspacer=\"line_only\"  data-halign=\"left\" style=\"text-align:left\"><div class=\"uvc-main-heading ult-responsive\"  data-ultimate-target='.uvc-heading.ultimate-heading-974969e5e5feb649b h2'  data-responsive-json-new='{\"font-size\":\"desktop:28px;mobile_landscape:24px;\",\"line-height\":\"desktop:34px;mobile_landscape:30px;\"}' ><h2 style=\"--font-weight:theme;margin-bottom:15px;\">myQA SRS<\/h2><\/div><div class=\"uvc-heading-spacer line_only\" style=\"margin-bottom:15px;height:3px;\"><span class=\"uvc-headings-line\" style=\"border-style:solid;border-bottom-width:3px;border-color:;width:150px;\"><\/span><\/div><div class=\"uvc-sub-heading ult-responsive\"  data-ultimate-target='.uvc-heading.ultimate-heading-974969e5e5feb649b .uvc-sub-heading '  data-responsive-json-new='{\"font-size\":\"desktop:22px;mobile_landscape:18px;\",\"line-height\":\"desktop:28px;mobile_landscape:24px;\"}'  style=\"font-weight:normal;margin-bottom:10px;\">Die digitale SRS\/SBRT-L\u00f6sung zur Patienten-Qualit\u00e4tssicherung<\/div><\/div>[vc_column_text]Nutzen Sie die M\u00f6glichkeiten Ihres stereotaktischen Ger\u00e4ts voll aus &#8211; mit einem Tool, das eine pr\u00e4zisere Qualit\u00e4tssicherung in k\u00fcrzerer Zeit erm\u00f6glicht. Die neue myQA SRS L\u00f6sung kombiniert in einzigartiger Weise:<\/p>\n<ul>\n<li>die un\u00fcbertroffene Genauigkeit und Aufl\u00f6sung der Film-QS,<\/li>\n<li>mit der bew\u00e4hrten Effizienz des digitalen Detektor-Array-Workflows.<\/li>\n<\/ul>\n<p><strong>H\u00f6hepunkte:<\/strong><\/p>\n<ul>\n<li>Vollst\u00e4ndige Konformit\u00e4t mit TG 218<\/li>\n<li>QA in nativer Plangeometrie einschlie\u00dflich Couch-Kick\/nicht-koplanarer Strahlen<\/li>\n<li>Jetzt vollst\u00e4ndig kompatibel mit Ihren Varian Halcyon\u00ae und Ethos\u2122 Behandlungsger\u00e4ten<\/li>\n<li>Plane Viewer Tool<\/li>\n<li>Demn\u00e4chst: myQA SRS CyberKnife\u00ae und End-to-End-Tests<\/li>\n<\/ul>\n<p>Behandeln Sie mehr SRS\/SBRT-Patienten sicher und mit der Gewissheit, dass es richtig gemacht wird.[\/vc_column_text][\/vc_column][\/vc_row][vc_row][vc_column width=&#8220;2\/3&#8243;]<div id=\"ultimate-heading-432669e5e5feb64f1\" class=\"uvc-heading ult-adjust-bottom-margin ultimate-heading-432669e5e5feb64f1 uvc-144 accent-border-color accent-title-color\" data-hspacer=\"line_only\"  data-halign=\"left\" style=\"text-align:left\"><div class=\"uvc-main-heading ult-responsive\"  data-ultimate-target='.uvc-heading.ultimate-heading-432669e5e5feb64f1 h2'  data-responsive-json-new='{\"font-size\":\"desktop:28px;mobile_landscape:24px;\",\"line-height\":\"desktop:34px;mobile_landscape:30px;\"}' ><h2 style=\"--font-weight:theme;margin-bottom:15px;\">myQA\u00ae SRS f\u00fcr CyberKnife\u00ae<\/h2><\/div><div class=\"uvc-heading-spacer line_only\" style=\"margin-bottom:15px;height:3px;\"><span class=\"uvc-headings-line\" style=\"border-style:solid;border-bottom-width:3px;border-color:;width:150px;\"><\/span><\/div><div class=\"uvc-sub-heading ult-responsive\"  data-ultimate-target='.uvc-heading.ultimate-heading-432669e5e5feb64f1 .uvc-sub-heading '  data-responsive-json-new='{\"font-size\":\"desktop:22px;mobile_landscape:18px;\",\"line-height\":\"desktop:28px;mobile_landscape:24px;\"}'  style=\"font-weight:normal;margin-bottom:10px;\">Ihre SRS\/ SBRT QA-L\u00f6sung speziell f\u00fcr CyberKnife\u00ae<\/div><\/div>[vc_column_text]myQA\u00ae SRS f\u00fcr CyberKnife\u00ae bietet alle Werkzeuge, die CyberKnife\u00ae-Anwender f\u00fcr eine genaue und schnelle patientenspezifische Vorbehandlungs-QS ben\u00f6tigen.[\/vc_column_text][\/vc_column][vc_column width=&#8220;1\/3&#8243;][vc_single_image image=&#8220;22895&#8243; img_size=&#8220;full&#8220; alignment=&#8220;center&#8220; style=&#8220;vc_box_shadow&#8220; onclick=&#8220;zoom&#8220; css=&#8220;&#8220;][\/vc_column][\/vc_row][vc_row bg_type=&#8220;bg_color&#8220; bg_override=&#8220;ex-full&#8220; bg_color_value=&#8220;#edeff1&#8243; css=&#8220;.vc_custom_1591189894993{padding-bottom: 20px !important;}&#8220;][vc_column]<div id=\"ultimate-heading-785269e5e5feb6524\" class=\"uvc-heading ult-adjust-bottom-margin ultimate-heading-785269e5e5feb6524 uvc-3037 accent-border-color accent-title-color\" data-hspacer=\"line_only\"  data-halign=\"left\" style=\"text-align:left\"><div class=\"uvc-main-heading ult-responsive\"  data-ultimate-target='.uvc-heading.ultimate-heading-785269e5e5feb6524 h2'  data-responsive-json-new='{\"font-size\":\"desktop:28px;mobile_landscape:24px;\",\"line-height\":\"desktop:34px;mobile_landscape:30px;\"}' ><h2 style=\"--font-weight:theme;margin-bottom:15px;\">Un\u00fcbertroffene Technologie<\/h2><\/div><div class=\"uvc-heading-spacer line_only\" style=\"margin-bottom:25px;height:3px;\"><span class=\"uvc-headings-line\" style=\"border-style:solid;border-bottom-width:3px;border-color:;width:150px;\"><\/span><\/div><\/div>[vc_row_inner][vc_column_inner width=&#8220;1\/2&#8243;]<div class=\"aio-icon-component    style_1\"><div id=\"Info-box-wrap-4981\" class=\"aio-icon-box left-icon\" style=\"\"  ><div class=\"aio-icon-left\"><div class=\"ult-just-icon-wrapper  \"><div class=\"align-icon\" style=\"text-align:center;\">\n<div class=\"aio-icon none \"  style=\"color:#060e18;font-size:32px;display:inline-block;\">\n\t<i class=\"far fa-check-circle\"><\/i>\n<\/div><\/div><\/div><\/div><div class=\"aio-ibd-block\"><div class=\"aio-icon-description ult-responsive\"  data-ultimate-target='#Info-box-wrap-4981 .aio-icon-description'  data-responsive-json-new='{\"font-size\":\"\",\"line-height\":\"\"}'  style=\"\">Aufl\u00f6sung der Filmklasse 0,4 mm<\/div> <!-- description --><\/div> <!-- aio-ibd-block --><\/div> <!-- aio-icon-box --><\/div> <!-- aio-icon-component --><div class=\"aio-icon-component    style_1\"><div id=\"Info-box-wrap-3984\" class=\"aio-icon-box left-icon\" style=\"\"  ><div class=\"aio-icon-left\"><div class=\"ult-just-icon-wrapper  \"><div class=\"align-icon\" style=\"text-align:center;\">\n<div class=\"aio-icon none \"  style=\"color:#060e18;font-size:32px;display:inline-block;\">\n\t<i class=\"far fa-check-circle\"><\/i>\n<\/div><\/div><\/div><\/div><div class=\"aio-ibd-block\"><div class=\"aio-icon-description ult-responsive\"  data-ultimate-target='#Info-box-wrap-3984 .aio-icon-description'  data-responsive-json-new='{\"font-size\":\"\",\"line-height\":\"\"}'  style=\"\">12 x 14 cm<sup>2<\/sup> Sensorfl\u00e4che<\/div> <!-- description --><\/div> <!-- aio-ibd-block --><\/div> <!-- aio-icon-box --><\/div> <!-- aio-icon-component -->[\/vc_column_inner][vc_column_inner width=&#8220;1\/2&#8243;]<div class=\"aio-icon-component    style_1\"><div id=\"Info-box-wrap-1545\" class=\"aio-icon-box left-icon\" style=\"\"  ><div class=\"aio-icon-left\"><div class=\"ult-just-icon-wrapper  \"><div class=\"align-icon\" style=\"text-align:center;\">\n<div class=\"aio-icon none \"  style=\"color:#060e18;font-size:32px;display:inline-block;\">\n\t<i class=\"far fa-check-circle\"><\/i>\n<\/div><\/div><\/div><\/div><div class=\"aio-ibd-block\"><div class=\"aio-icon-description ult-responsive\"  data-ultimate-target='#Info-box-wrap-1545 .aio-icon-description'  data-responsive-json-new='{\"font-size\":\"\",\"line-height\":\"\"}'  style=\"\">105.000 Messpunkte<\/div> <!-- description --><\/div> <!-- aio-ibd-block --><\/div> <!-- aio-icon-box --><\/div> <!-- aio-icon-component --><div class=\"aio-icon-component    style_1\"><div id=\"Info-box-wrap-1583\" class=\"aio-icon-box left-icon\" style=\"\"  ><div class=\"aio-icon-left\"><div class=\"ult-just-icon-wrapper  \"><div class=\"align-icon\" style=\"text-align:center;\">\n<div class=\"aio-icon none \"  style=\"color:#060e18;font-size:32px;display:inline-block;\">\n\t<i class=\"far fa-check-circle\"><\/i>\n<\/div><\/div><\/div><\/div><div class=\"aio-ibd-block\"><div class=\"aio-icon-description ult-responsive\"  data-ultimate-target='#Info-box-wrap-1583 .aio-icon-description'  data-responsive-json-new='{\"font-size\":\"\",\"line-height\":\"\"}'  style=\"\">Null Pixelabstand, keine Interpolation<\/div> <!-- description --><\/div> <!-- aio-ibd-block --><\/div> <!-- aio-icon-box --><\/div> <!-- aio-icon-component -->[\/vc_column_inner][\/vc_row_inner][\/vc_column][\/vc_row][vc_row content_placement=&#8220;middle&#8220; css=&#8220;.vc_custom_1700050071941{padding-top: 40px !important;padding-bottom: 0px !important;}&#8220;][vc_column css=&#8220;.vc_custom_1668430529221{padding-top: 10px !important;padding-bottom: 50px !important;background-position: center !important;background-repeat: no-repeat !important;background-size: cover !important;}&#8220;][vc_row_inner][vc_column_inner][vc_column_text css=&#8220;.vc_custom_1701438562667{margin-bottom: 0px !important;}&#8220;]<\/p>\n<div class=\"video-wrap\"><video id=\"video-wrap\" poster=\"https:\/\/medisynt.com\/en\/wp-content\/uploads\/sites\/2\/2023\/11\/myQA-SRS_Film.jpg\" controls=\"controls\" width=\"1280\" height=\"720\"><\/video><\/div>\n<p>[\/vc_column_text][\/vc_column_inner][\/vc_row_inner][\/vc_column][\/vc_row][vc_row equal_height=&#8220;yes&#8220; bg_type=&#8220;bg_color&#8220; bg_override=&#8220;ex-full&#8220; css=&#8220;.vc_custom_1591189253615{margin-top: 5px !important;padding-top: 0px !important;padding-bottom: 0px !important;}&#8220; bg_color_value=&#8220;#edeff1&#8243;][vc_column css=&#8220;.vc_custom_1591118513478{padding-bottom: 20px !important;background-position: center !important;background-repeat: no-repeat !important;background-size: cover !important;}&#8220; offset=&#8220;vc_col-lg-12 vc_col-md-12&#8243;][vc_row_inner equal_height=&#8220;yes&#8220; content_placement=&#8220;middle&#8220;][vc_column_inner css=&#8220;.vc_custom_1591118388188{padding-top: 0px !important;}&#8220;]<div id=\"ultimate-heading-124569e5e5feb67a3\" class=\"uvc-heading ult-adjust-bottom-margin ultimate-heading-124569e5e5feb67a3 uvc-993 accent-border-color accent-title-color\" data-hspacer=\"line_only\"  data-halign=\"center\" style=\"text-align:center\"><div class=\"uvc-main-heading ult-responsive\"  data-ultimate-target='.uvc-heading.ultimate-heading-124569e5e5feb67a3 h2'  data-responsive-json-new='{\"font-size\":\"desktop:28px;mobile_landscape:24px;\",\"line-height\":\"desktop:34px;mobile_landscape:30px;\"}' ><h2 style=\"--font-weight:theme;margin-top:30px;margin-bottom:15px;\">Ben\u00f6tigen Sie weitere Informationen?<\/h2><\/div><div class=\"uvc-heading-spacer line_only\" style=\"margin-bottom:25px;height:3px;\"><span class=\"uvc-headings-line\" style=\"border-style:solid;border-bottom-width:3px;border-color:;width:150px;\"><\/span><\/div><div class=\"uvc-sub-heading ult-responsive\"  data-ultimate-target='.uvc-heading.ultimate-heading-124569e5e5feb67a3 .uvc-sub-heading '  data-responsive-json-new='{\"font-size\":\"desktop:22px;mobile_landscape:18px;\",\"line-height\":\"desktop:28px;mobile_landscape:24px;\"}'  style=\"font-weight:normal;\">Gern beraten wir Sie in Bezug auf Ihre individuellen Anforderungen.<\/div><\/div>\n\t\t\t<div class=\"ult_dual_button  vc_custom_1701436375598 ult-adjust-bottom-margin to-center  \"  data-response=\"on\" id=\"ult_btn_1093629736\">\n\n\t\t\t<div id=\"dualbtn-8173\" class=\"ulitmate_dual_buttons ult-dual-btn ult_main_dualbtn \" data-bcolor=\"#333333\"data-bhcolor=\"\">\n\n\t\t\t<div class=\"ult_dualbutton-wrapper btn-inline place-template bt1 \"><a href=\"\/wp-content\/uploads\/2023\/12\/myQA-SRS_Br_E_Rev_4_0523.pdf\" title=\"Brosch\u00fcre zum Download\" target=\"_blank\" rel=\"noopener\"  class=\"ult_ivan_button round-square with-icon icon-after with-text place-template ult_dual1\" style=\";margin-right:px;;background-color:#007aa4 !important;; border-color:#333333;border-style:;border-width:0px;border-radius:px;width:400px;;\">\n\t\t\t<span class=\"ult-dual-btn-1 Style 1\" style=\"\"  data-bgcolor=\"#007aa4\" data-bghovercolor=\"#afb6bd\" data-icon_color=\"#ffffff\" data-icon_hover_color=\"#ffffff\" data-textcolor=\"#ffffff\" data-texthovercolor=\"#ffffff\" data-iconbgcolor=\"transperent\" data-iconbghovercolor=\"transperent\" data-iconborder=\"transperent\" data-iconhoverborder=\"transperent\" >\n\n\t\t\t<span class=\"text-btn ult-dual-button-title title_left ult-responsive \"  data-ultimate-target='#dualbtn-8173 .ult-dual-button-title'  data-responsive-json-new='{\"font-size\":\"desktop:16px;\",\"line-height\":\"desktop:24px;\"}'   style=\"font-weight:normal;color:#ffffff;\">Brosch\u00fcre zum Download<\/span>\n\t\t\t<span class=\"icon-simple icon-right1 ult_btn1span \"  style=\"; \">\n<span class=\"aio-icon btn1icon none \"  style=\"color:#ffffff;font-size:32px;display:inline-block;\">\n\t<i class=\"far fa-file-pdf\" ><\/i>\n<\/span><\/span\n\t\t\t<\/span>\n\t\t\t<\/a><span class=\"middle-text\" style=\"line-height: 1.8em;color:#060e18;background-color:#ffffff;border-width:0px;\">\n\t\t\t<span class=\"middle-inner\"  >or<\/span>\n\t\t\t<\/span>\n\n\t\t\t<\/div>\n\n\t\t\t<div class=\"ult_dualbutton-wrapper btn-inline place-template btn2 \"><a href=\"\/kontakt\" title=\"Kontakt\"  class=\"ult_ivan_button round-square with-icon icon-after with-text place-template ult_dual2\"  style=\";background-color:#afb6bd !important;;margin-left:px;;border-color:#333333;border-style:;border-width:0px;border-radius:px;width:400px;\">\n\t\t\t<span class=\"ult-dual-btn-2 Style 1\"  data-bgcolor=\"#afb6bd\" data-bghovercolor=\"#007aa4\" data-icon_color=\"#ffffff\" data-icon_hover_color=\"#ffffff\" data-textcolor=\"#ffffff\" data-texthovercolor=\"#ffffff\" data-iconbgcolor=\"transperent\" data-iconbghovercolor=\"transperent\" data-iconborder=\"transperent\" data-iconhoverborder=\"transperent\" >\n\t\t\t<span class=\"text-btn ult-dual-button-title\" style=\"font-weight:normal;color:#ffffff;\">Oder schreiben Sie uns einfach!<\/span>\n\n\t\t\t<span class=\"icon-simple icon-right2 ult_btn1span \"  style=\"; \">\n<span class=\"aio-icon btn1icon none \"  style=\"color:#ffffff;font-size:32px;display:inline-block;\">\n\t<i class=\"dt-icon-the7-arrow-35-2\" ><\/i>\n<\/span><\/span>\n\t\t\t<\/span>\n\t\t\t<\/a><\/div>\n\t\t\t<\/div>\n\t\t\t<\/div>[\/vc_column_inner][\/vc_row_inner][\/vc_column][\/vc_row]<\/p>\n<\/div>","protected":false},"excerpt":{"rendered":"<p>[vc_row equal_height=&#8220;yes&#8220; content_placement=&#8220;middle&#8220; css=&#8220;.vc_custom_1591189661847{padding-top: 20px !important;padding-bottom: 10px !important;}&#8220;][vc_column css=&#8220;.vc_custom_1515176050896{padding-top: 10px !important;padding-bottom: 50px !important;background-position: center !important;background-repeat: no-repeat !important;background-size: cover !important;}&#8220; offset=&#8220;vc_col-lg-6 vc_col-md-6&#8243;][vc_row_inner][vc_column_inner][vc_single_image image=&#8220;22893&#8243; img_size=&#8220;full&#8220; alignment=&#8220;center&#8220; style=&#8220;vc_box_shadow&#8220; onclick=&#8220;zoom&#8220; css=&#8220;&#8220;][\/vc_column_inner][\/vc_row_inner][\/vc_column][vc_column css=&#8220;.vc_custom_1579255802629{padding-bottom: 30px !important;background-position: center !important;background-repeat: no-repeat !important;background-size: cover !important;}&#8220; offset=&#8220;vc_col-lg-6 vc_col-md-6&#8243;][vc_column_text]Nutzen Sie die M\u00f6glichkeiten Ihres stereotaktischen Ger\u00e4ts voll aus &#8211; mit einem Tool, das eine pr\u00e4zisere Qualit\u00e4tssicherung in&hellip;<\/p>\n","protected":false},"author":1,"featured_media":0,"parent":0,"menu_order":0,"comment_status":"closed","ping_status":"closed","template":"","meta":{"footnotes":""},"class_list":["post-22880","page","type-page","status-publish","hentry","description-off"],"yoast_head":"<!-- This site is optimized with the Yoast SEO Premium plugin v27.2 (Yoast SEO v27.4) - https:\/\/yoast.com\/product\/yoast-seo-premium-wordpress\/ -->\n<title>myQA SRS Digitale SRS\/SBRT-L\u00f6sung Patienten-Qualit\u00e4tssicherung &#187; medisynt AG<\/title>\n<meta name=\"description\" content=\"myQA SRS \u27a4 Die digitale SRS\/SBRT-L\u00f6sung zur Patienten-Qualit\u00e4tssicherung \u2705 Jetzt einzigartige Technologie anfordern\" \/>\n<meta name=\"robots\" content=\"index, follow, max-snippet:-1, max-image-preview:large, max-video-preview:-1\" \/>\n<link rel=\"canonical\" href=\"https:\/\/medisynt.com\/at\/myqa-srs\/\" \/>\n<meta property=\"og:locale\" content=\"de_DE\" \/>\n<meta property=\"og:type\" content=\"article\" \/>\n<meta property=\"og:title\" content=\"myQA SRS\" \/>\n<meta property=\"og:description\" content=\"myQA SRS \u27a4 Die digitale SRS\/SBRT-L\u00f6sung zur Patienten-Qualit\u00e4tssicherung \u2705 Jetzt einzigartige Technologie anfordern\" \/>\n<meta property=\"og:url\" content=\"https:\/\/medisynt.com\/at\/myqa-srs\/\" \/>\n<meta property=\"og:site_name\" content=\"medisynt AG\" \/>\n<meta property=\"article:modified_time\" content=\"2025-10-09T15:55:08+00:00\" \/>\n<meta name=\"twitter:card\" content=\"summary_large_image\" \/>\n<meta name=\"twitter:label1\" content=\"Gesch\u00e4tzte Lesezeit\" \/>\n\t<meta name=\"twitter:data1\" content=\"3\u00a0Minuten\" \/>\n<script type=\"application\/ld+json\" class=\"yoast-schema-graph\">{\"@context\":\"https:\\\/\\\/schema.org\",\"@graph\":[{\"@type\":\"WebPage\",\"@id\":\"https:\\\/\\\/medisynt.com\\\/at\\\/myqa-srs\\\/\",\"url\":\"https:\\\/\\\/medisynt.com\\\/at\\\/myqa-srs\\\/\",\"name\":\"myQA SRS Digitale SRS\\\/SBRT-L\u00f6sung Patienten-Qualit\u00e4tssicherung &#187; medisynt AG\",\"isPartOf\":{\"@id\":\"https:\\\/\\\/medisynt.com\\\/at\\\/#website\"},\"datePublished\":\"2025-08-09T15:34:58+00:00\",\"dateModified\":\"2025-10-09T15:55:08+00:00\",\"description\":\"myQA SRS \u27a4 Die digitale SRS\\\/SBRT-L\u00f6sung zur Patienten-Qualit\u00e4tssicherung \u2705 Jetzt einzigartige Technologie anfordern\",\"breadcrumb\":{\"@id\":\"https:\\\/\\\/medisynt.com\\\/at\\\/myqa-srs\\\/#breadcrumb\"},\"inLanguage\":\"de\",\"potentialAction\":[{\"@type\":\"ReadAction\",\"target\":[\"https:\\\/\\\/medisynt.com\\\/at\\\/myqa-srs\\\/\"]}]},{\"@type\":\"BreadcrumbList\",\"@id\":\"https:\\\/\\\/medisynt.com\\\/at\\\/myqa-srs\\\/#breadcrumb\",\"itemListElement\":[{\"@type\":\"ListItem\",\"position\":1,\"name\":\"Startseite\",\"item\":\"https:\\\/\\\/medisynt.com\\\/at\\\/\"},{\"@type\":\"ListItem\",\"position\":2,\"name\":\"myQA SRS\"}]},{\"@type\":\"WebSite\",\"@id\":\"https:\\\/\\\/medisynt.com\\\/at\\\/#website\",\"url\":\"https:\\\/\\\/medisynt.com\\\/at\\\/\",\"name\":\"medisynt AG\",\"description\":\"medisynt AT\",\"potentialAction\":[{\"@type\":\"SearchAction\",\"target\":{\"@type\":\"EntryPoint\",\"urlTemplate\":\"https:\\\/\\\/medisynt.com\\\/at\\\/?s={search_term_string}\"},\"query-input\":{\"@type\":\"PropertyValueSpecification\",\"valueRequired\":true,\"valueName\":\"search_term_string\"}}],\"inLanguage\":\"de\"}]}<\/script>\n<!-- \/ Yoast SEO Premium plugin. -->","yoast_head_json":{"title":"myQA SRS Digitale SRS\/SBRT-L\u00f6sung Patienten-Qualit\u00e4tssicherung &#187; medisynt AG","description":"myQA SRS \u27a4 Die digitale SRS\/SBRT-L\u00f6sung zur Patienten-Qualit\u00e4tssicherung \u2705 Jetzt einzigartige Technologie anfordern","robots":{"index":"index","follow":"follow","max-snippet":"max-snippet:-1","max-image-preview":"max-image-preview:large","max-video-preview":"max-video-preview:-1"},"canonical":"https:\/\/medisynt.com\/at\/myqa-srs\/","og_locale":"de_DE","og_type":"article","og_title":"myQA SRS","og_description":"myQA SRS \u27a4 Die digitale SRS\/SBRT-L\u00f6sung zur Patienten-Qualit\u00e4tssicherung \u2705 Jetzt einzigartige Technologie anfordern","og_url":"https:\/\/medisynt.com\/at\/myqa-srs\/","og_site_name":"medisynt AG","article_modified_time":"2025-10-09T15:55:08+00:00","twitter_card":"summary_large_image","twitter_misc":{"Gesch\u00e4tzte Lesezeit":"3\u00a0Minuten"},"schema":{"@context":"https:\/\/schema.org","@graph":[{"@type":"WebPage","@id":"https:\/\/medisynt.com\/at\/myqa-srs\/","url":"https:\/\/medisynt.com\/at\/myqa-srs\/","name":"myQA SRS Digitale SRS\/SBRT-L\u00f6sung Patienten-Qualit\u00e4tssicherung &#187; medisynt AG","isPartOf":{"@id":"https:\/\/medisynt.com\/at\/#website"},"datePublished":"2025-08-09T15:34:58+00:00","dateModified":"2025-10-09T15:55:08+00:00","description":"myQA SRS \u27a4 Die digitale SRS\/SBRT-L\u00f6sung zur Patienten-Qualit\u00e4tssicherung \u2705 Jetzt einzigartige Technologie anfordern","breadcrumb":{"@id":"https:\/\/medisynt.com\/at\/myqa-srs\/#breadcrumb"},"inLanguage":"de","potentialAction":[{"@type":"ReadAction","target":["https:\/\/medisynt.com\/at\/myqa-srs\/"]}]},{"@type":"BreadcrumbList","@id":"https:\/\/medisynt.com\/at\/myqa-srs\/#breadcrumb","itemListElement":[{"@type":"ListItem","position":1,"name":"Startseite","item":"https:\/\/medisynt.com\/at\/"},{"@type":"ListItem","position":2,"name":"myQA SRS"}]},{"@type":"WebSite","@id":"https:\/\/medisynt.com\/at\/#website","url":"https:\/\/medisynt.com\/at\/","name":"medisynt AG","description":"medisynt AT","potentialAction":[{"@type":"SearchAction","target":{"@type":"EntryPoint","urlTemplate":"https:\/\/medisynt.com\/at\/?s={search_term_string}"},"query-input":{"@type":"PropertyValueSpecification","valueRequired":true,"valueName":"search_term_string"}}],"inLanguage":"de"}]}},"_links":{"self":[{"href":"https:\/\/medisynt.com\/at\/wp-json\/wp\/v2\/pages\/22880","targetHints":{"allow":["GET"]}}],"collection":[{"href":"https:\/\/medisynt.com\/at\/wp-json\/wp\/v2\/pages"}],"about":[{"href":"https:\/\/medisynt.com\/at\/wp-json\/wp\/v2\/types\/page"}],"author":[{"embeddable":true,"href":"https:\/\/medisynt.com\/at\/wp-json\/wp\/v2\/users\/1"}],"replies":[{"embeddable":true,"href":"https:\/\/medisynt.com\/at\/wp-json\/wp\/v2\/comments?post=22880"}],"version-history":[{"count":2,"href":"https:\/\/medisynt.com\/at\/wp-json\/wp\/v2\/pages\/22880\/revisions"}],"predecessor-version":[{"id":22896,"href":"https:\/\/medisynt.com\/at\/wp-json\/wp\/v2\/pages\/22880\/revisions\/22896"}],"wp:attachment":[{"href":"https:\/\/medisynt.com\/at\/wp-json\/wp\/v2\/media?parent=22880"}],"curies":[{"name":"wp","href":"https:\/\/api.w.org\/{rel}","templated":true}]}}