{"id":5582,"date":"2022-03-10T16:42:03","date_gmt":"2022-03-10T15:42:03","guid":{"rendered":"https:\/\/medisynt.com\/at\/?page_id=5582"},"modified":"2023-02-15T14:45:13","modified_gmt":"2023-02-15T13:45:13","slug":"impressum","status":"publish","type":"page","link":"https:\/\/medisynt.com\/at\/impressum\/","title":{"rendered":"Impressum"},"content":{"rendered":"<div class=\"wpb-content-wrapper\"><p>[vc_row][vc_column][vc_column_text]<\/p>\n<h2>Angaben gem\u00e4\u00df \u00a7 5 TMG<\/h2>\n<p>medisynt AG<br \/>\nGislifluhweg 4D<br \/>\n5023 Biberstein<\/p>\n<p><strong>Vertreten durch:<\/strong><br \/>\nChristina Kiszlinger, Gesch\u00e4ftsf\u00fchrerin<\/p>\n<h2>Kontakt<\/h2>\n<p>Telefon: +41 62 562 23 80<br \/>\nE-Mail: office@medisynt.com<\/p>\n<h2>EU-Streitschlichtung<\/h2>\n<p>Die Europ\u00e4ische Kommission stellt eine Plattform zur Online-Streitbeilegung (OS) bereit: <a href=\"https:\/\/ec.europa.eu\/consumers\/odr\" target=\"_blank\" rel=\"noopener noreferrer\">https:\/\/ec.europa.eu\/consumers\/odr<\/a>.<br \/>\nUnsere E-Mail-Adresse finden Sie oben im Impressum.<\/p>\n<h2>Verbraucher\u00adstreit\u00adbeilegung\/Universal\u00adschlichtungs\u00adstelle<\/h2>\n<p>Wir sind nicht bereit oder verpflichtet, an Streitbeilegungsverfahren vor einer Verbraucherschlichtungsstelle teilzunehmen.<\/p>\n<h3>Haftung f\u00fcr Inhalte<\/h3>\n<p>Als Diensteanbieter sind wir gem\u00e4\u00df \u00a7 7 Abs.1 TMG f\u00fcr eigene Inhalte auf diesen Seiten nach den allgemeinen Gesetzen verantwortlich. Nach \u00a7\u00a7 8 bis 10 TMG sind wir als Diensteanbieter jedoch nicht verpflichtet, \u00fcbermittelte oder gespeicherte fremde Informationen zu \u00fcberwachen oder nach Umst\u00e4nden zu forschen, die auf eine rechtswidrige T\u00e4tigkeit hinweisen.<\/p>\n<p>Verpflichtungen zur Entfernung oder Sperrung der Nutzung von Informationen nach den allgemeinen Gesetzen bleiben hiervon unber\u00fchrt. Eine diesbez\u00fcgliche Haftung ist jedoch erst ab dem Zeitpunkt der Kenntnis einer konkreten Rechtsverletzung m\u00f6glich. Bei Bekanntwerden von entsprechenden Rechtsverletzungen werden wir diese Inhalte umgehend entfernen.<\/p>\n<h3>Haftung f\u00fcr Links<\/h3>\n<p>Unser Angebot enth\u00e4lt Links zu externen Websites Dritter, auf deren Inhalte wir keinen Einfluss haben. Deshalb k\u00f6nnen wir f\u00fcr diese fremden Inhalte auch keine Gew\u00e4hr \u00fcbernehmen. F\u00fcr die Inhalte der verlinkten Seiten ist stets der jeweilige Anbieter oder Betreiber der Seiten verantwortlich. Die verlinkten Seiten wurden zum Zeitpunkt der Verlinkung auf m\u00f6gliche Rechtsverst\u00f6\u00dfe \u00fcberpr\u00fcft. Rechtswidrige Inhalte waren zum Zeitpunkt der Verlinkung nicht erkennbar.<\/p>\n<p>Eine permanente inhaltliche Kontrolle der verlinkten Seiten ist jedoch ohne konkrete Anhaltspunkte einer Rechtsverletzung nicht zumutbar. Bei Bekanntwerden von Rechtsverletzungen werden wir derartige Links umgehend entfernen.<\/p>\n<h3>Urheberrecht<\/h3>\n<p>Die durch die Seitenbetreiber erstellten Inhalte und Werke auf diesen Seiten unterliegen dem deutschen Urheberrecht. Die Vervielf\u00e4ltigung, Bearbeitung, Verbreitung und jede Art der Verwertung au\u00dferhalb der Grenzen des Urheberrechtes bed\u00fcrfen der schriftlichen Zustimmung des jeweiligen Autors bzw. Erstellers. Downloads und Kopien dieser Seite sind nur f\u00fcr den privaten, nicht kommerziellen Gebrauch gestattet.<\/p>\n<p>Soweit die Inhalte auf dieser Seite nicht vom Betreiber erstellt wurden, werden die Urheberrechte Dritter beachtet. Insbesondere werden Inhalte Dritter als solche gekennzeichnet. Sollten Sie trotzdem auf eine Urheberrechtsverletzung aufmerksam werden, bitten wir um einen entsprechenden Hinweis. Bei Bekanntwerden von Rechtsverletzungen werden wir derartige Inhalte umgehend entfernen.[\/vc_column_text][\/vc_column][\/vc_row]<\/p>\n<\/div>","protected":false},"excerpt":{"rendered":"<p>[vc_row][vc_column][vc_column_text] Angaben gem\u00e4\u00df \u00a7 5 TMG medisynt AG Gislifluhweg 4D 5023 Biberstein Vertreten durch: Christina Kiszlinger, Gesch\u00e4ftsf\u00fchrerin Kontakt Telefon: +41 62 562 23 80 E-Mail: office@medisynt.com EU-Streitschlichtung Die Europ\u00e4ische Kommission stellt eine Plattform zur Online-Streitbeilegung (OS) bereit: https:\/\/ec.europa.eu\/consumers\/odr. Unsere E-Mail-Adresse finden Sie oben im Impressum. Verbraucher\u00adstreit\u00adbeilegung\/Universal\u00adschlichtungs\u00adstelle Wir sind nicht bereit oder verpflichtet, an Streitbeilegungsverfahren vor&hellip;<\/p>\n","protected":false},"author":1,"featured_media":0,"parent":0,"menu_order":0,"comment_status":"closed","ping_status":"closed","template":"","meta":{"footnotes":""},"class_list":["post-5582","page","type-page","status-publish","hentry","description-off"],"yoast_head":"<!-- This site is optimized with the Yoast SEO Premium plugin v27.2 (Yoast SEO v27.4) - https:\/\/yoast.com\/product\/yoast-seo-premium-wordpress\/ -->\n<title>Impressum Hinweise zu unserer Webseite &#187; medisynt AG<\/title>\n<meta name=\"description\" content=\"Impressum \u27a4 Maria-Louisen-Stra\u00dfe 103 \u00b7 D-22301 Hamburg \u27a4 Wir freuen uns auf Ihre Nachricht! \u260e +49 40 70 38 39 79 \u2709 office@medisynt.de\" \/>\n<meta name=\"robots\" content=\"index, follow, max-snippet:-1, max-image-preview:large, max-video-preview:-1\" \/>\n<link rel=\"canonical\" href=\"https:\/\/medisynt.com\/at\/impressum\/\" \/>\n<meta property=\"og:locale\" content=\"de_DE\" \/>\n<meta property=\"og:type\" content=\"article\" \/>\n<meta property=\"og:title\" content=\"Impressum\" \/>\n<meta property=\"og:description\" content=\"Impressum \u27a4 Maria-Louisen-Stra\u00dfe 103 \u00b7 D-22301 Hamburg \u27a4 Wir freuen uns auf Ihre Nachricht! \u260e +49 40 70 38 39 79 \u2709 office@medisynt.de\" \/>\n<meta property=\"og:url\" content=\"https:\/\/medisynt.com\/at\/impressum\/\" \/>\n<meta property=\"og:site_name\" content=\"medisynt AG\" \/>\n<meta property=\"article:modified_time\" content=\"2023-02-15T13:45:13+00:00\" \/>\n<meta name=\"twitter:card\" content=\"summary_large_image\" \/>\n<meta name=\"twitter:label1\" content=\"Gesch\u00e4tzte Lesezeit\" \/>\n\t<meta name=\"twitter:data1\" content=\"2\u00a0Minuten\" \/>\n<script type=\"application\/ld+json\" class=\"yoast-schema-graph\">{\"@context\":\"https:\\\/\\\/schema.org\",\"@graph\":[{\"@type\":\"WebPage\",\"@id\":\"https:\\\/\\\/medisynt.com\\\/at\\\/impressum\\\/\",\"url\":\"https:\\\/\\\/medisynt.com\\\/at\\\/impressum\\\/\",\"name\":\"Impressum Hinweise zu unserer Webseite &#187; medisynt AG\",\"isPartOf\":{\"@id\":\"https:\\\/\\\/medisynt.com\\\/at\\\/#website\"},\"datePublished\":\"2022-03-10T15:42:03+00:00\",\"dateModified\":\"2023-02-15T13:45:13+00:00\",\"description\":\"Impressum \u27a4 Maria-Louisen-Stra\u00dfe 103 \u00b7 D-22301 Hamburg \u27a4 Wir freuen uns auf Ihre Nachricht! \u260e +49 40 70 38 39 79 \u2709 office@medisynt.de\",\"breadcrumb\":{\"@id\":\"https:\\\/\\\/medisynt.com\\\/at\\\/impressum\\\/#breadcrumb\"},\"inLanguage\":\"de\",\"potentialAction\":[{\"@type\":\"ReadAction\",\"target\":[\"https:\\\/\\\/medisynt.com\\\/at\\\/impressum\\\/\"]}]},{\"@type\":\"BreadcrumbList\",\"@id\":\"https:\\\/\\\/medisynt.com\\\/at\\\/impressum\\\/#breadcrumb\",\"itemListElement\":[{\"@type\":\"ListItem\",\"position\":1,\"name\":\"Startseite\",\"item\":\"https:\\\/\\\/medisynt.com\\\/at\\\/\"},{\"@type\":\"ListItem\",\"position\":2,\"name\":\"Impressum\"}]},{\"@type\":\"WebSite\",\"@id\":\"https:\\\/\\\/medisynt.com\\\/at\\\/#website\",\"url\":\"https:\\\/\\\/medisynt.com\\\/at\\\/\",\"name\":\"medisynt AG\",\"description\":\"medisynt AT\",\"potentialAction\":[{\"@type\":\"SearchAction\",\"target\":{\"@type\":\"EntryPoint\",\"urlTemplate\":\"https:\\\/\\\/medisynt.com\\\/at\\\/?s={search_term_string}\"},\"query-input\":{\"@type\":\"PropertyValueSpecification\",\"valueRequired\":true,\"valueName\":\"search_term_string\"}}],\"inLanguage\":\"de\"}]}<\/script>\n<!-- \/ Yoast SEO Premium plugin. -->","yoast_head_json":{"title":"Impressum Hinweise zu unserer Webseite &#187; medisynt AG","description":"Impressum \u27a4 Maria-Louisen-Stra\u00dfe 103 \u00b7 D-22301 Hamburg \u27a4 Wir freuen uns auf Ihre Nachricht! \u260e +49 40 70 38 39 79 \u2709 office@medisynt.de","robots":{"index":"index","follow":"follow","max-snippet":"max-snippet:-1","max-image-preview":"max-image-preview:large","max-video-preview":"max-video-preview:-1"},"canonical":"https:\/\/medisynt.com\/at\/impressum\/","og_locale":"de_DE","og_type":"article","og_title":"Impressum","og_description":"Impressum \u27a4 Maria-Louisen-Stra\u00dfe 103 \u00b7 D-22301 Hamburg \u27a4 Wir freuen uns auf Ihre Nachricht! \u260e +49 40 70 38 39 79 \u2709 office@medisynt.de","og_url":"https:\/\/medisynt.com\/at\/impressum\/","og_site_name":"medisynt AG","article_modified_time":"2023-02-15T13:45:13+00:00","twitter_card":"summary_large_image","twitter_misc":{"Gesch\u00e4tzte Lesezeit":"2\u00a0Minuten"},"schema":{"@context":"https:\/\/schema.org","@graph":[{"@type":"WebPage","@id":"https:\/\/medisynt.com\/at\/impressum\/","url":"https:\/\/medisynt.com\/at\/impressum\/","name":"Impressum Hinweise zu unserer Webseite &#187; medisynt AG","isPartOf":{"@id":"https:\/\/medisynt.com\/at\/#website"},"datePublished":"2022-03-10T15:42:03+00:00","dateModified":"2023-02-15T13:45:13+00:00","description":"Impressum \u27a4 Maria-Louisen-Stra\u00dfe 103 \u00b7 D-22301 Hamburg \u27a4 Wir freuen uns auf Ihre Nachricht! \u260e +49 40 70 38 39 79 \u2709 office@medisynt.de","breadcrumb":{"@id":"https:\/\/medisynt.com\/at\/impressum\/#breadcrumb"},"inLanguage":"de","potentialAction":[{"@type":"ReadAction","target":["https:\/\/medisynt.com\/at\/impressum\/"]}]},{"@type":"BreadcrumbList","@id":"https:\/\/medisynt.com\/at\/impressum\/#breadcrumb","itemListElement":[{"@type":"ListItem","position":1,"name":"Startseite","item":"https:\/\/medisynt.com\/at\/"},{"@type":"ListItem","position":2,"name":"Impressum"}]},{"@type":"WebSite","@id":"https:\/\/medisynt.com\/at\/#website","url":"https:\/\/medisynt.com\/at\/","name":"medisynt AG","description":"medisynt AT","potentialAction":[{"@type":"SearchAction","target":{"@type":"EntryPoint","urlTemplate":"https:\/\/medisynt.com\/at\/?s={search_term_string}"},"query-input":{"@type":"PropertyValueSpecification","valueRequired":true,"valueName":"search_term_string"}}],"inLanguage":"de"}]}},"_links":{"self":[{"href":"https:\/\/medisynt.com\/at\/wp-json\/wp\/v2\/pages\/5582","targetHints":{"allow":["GET"]}}],"collection":[{"href":"https:\/\/medisynt.com\/at\/wp-json\/wp\/v2\/pages"}],"about":[{"href":"https:\/\/medisynt.com\/at\/wp-json\/wp\/v2\/types\/page"}],"author":[{"embeddable":true,"href":"https:\/\/medisynt.com\/at\/wp-json\/wp\/v2\/users\/1"}],"replies":[{"embeddable":true,"href":"https:\/\/medisynt.com\/at\/wp-json\/wp\/v2\/comments?post=5582"}],"version-history":[{"count":3,"href":"https:\/\/medisynt.com\/at\/wp-json\/wp\/v2\/pages\/5582\/revisions"}],"predecessor-version":[{"id":5709,"href":"https:\/\/medisynt.com\/at\/wp-json\/wp\/v2\/pages\/5582\/revisions\/5709"}],"wp:attachment":[{"href":"https:\/\/medisynt.com\/at\/wp-json\/wp\/v2\/media?parent=5582"}],"curies":[{"name":"wp","href":"https:\/\/api.w.org\/{rel}","templated":true}]}}