{"id":2552,"date":"2020-06-02T16:38:34","date_gmt":"2020-06-02T14:38:34","guid":{"rendered":"https:\/\/medisynt.com\/en\/?page_id=2552"},"modified":"2024-12-13T15:08:38","modified_gmt":"2024-12-13T14:08:38","slug":"impressum","status":"publish","type":"page","link":"https:\/\/medisynt.com\/de\/impressum\/","title":{"rendered":"Impressum"},"content":{"rendered":"<div class=\"wpb-content-wrapper\"><p>[vc_row][vc_column][vc_column_text css=&#8220;&#8220;]<\/p>\n<h2>Angaben gem\u00e4\u00df \u00a7 5 TMG<\/h2>\n<p>medisynt Deutschland GmbH<br \/>\nGewerbezentrum Wehra &amp; Co KG<br \/>\nTodtmooserstrasse 43, Geb\u00e4ude 1<br \/>\n79664 Wehr<\/p>\n<p><strong>Vertreten durch:<\/strong><br \/>\nChristina Kiszlinger, Gesch\u00e4ftsf\u00fchrerin<\/p>\n<h2>Kontakt<\/h2>\n<p>Telefon: +49 7762 805 46 98<br \/>\nE-Mail: office@medisynt.de<\/p>\n<h2>Registereintrag:<\/h2>\n<p>Eintragung im Handelsregister<br \/>\nRegisternummer: HRB 728027<br \/>\nAmtsgericht Freiburg im Breisgau<br \/>\nSteuer-Nr. 20029\/37830<\/p>\n<p>Umsatzsteuer Identifikationsnummer: DE 337412039<\/p>\n<h2>EU-Streitschlichtung<\/h2>\n<p>Die Europ\u00e4ische Kommission stellt eine Plattform zur Online-Streitbeilegung (OS) bereit: <a href=\"https:\/\/ec.europa.eu\/consumers\/odr\" target=\"_blank\" rel=\"noopener noreferrer\">https:\/\/ec.europa.eu\/consumers\/odr<\/a>.<br \/>\nUnsere E-Mail-Adresse finden Sie oben im Impressum.<\/p>\n<h2>Verbraucher\u00adstreit\u00adbeilegung\/Universal\u00adschlichtungs\u00adstelle<\/h2>\n<p>Wir sind nicht bereit oder verpflichtet, an Streitbeilegungsverfahren vor einer Verbraucherschlichtungsstelle teilzunehmen.<\/p>\n<h3>Haftung f\u00fcr Inhalte<\/h3>\n<p>Als Diensteanbieter sind wir gem\u00e4\u00df \u00a7 7 Abs.1 TMG f\u00fcr eigene Inhalte auf diesen Seiten nach den allgemeinen Gesetzen verantwortlich. Nach \u00a7\u00a7 8 bis 10 TMG sind wir als Diensteanbieter jedoch nicht verpflichtet, \u00fcbermittelte oder gespeicherte fremde Informationen zu \u00fcberwachen oder nach Umst\u00e4nden zu forschen, die auf eine rechtswidrige T\u00e4tigkeit hinweisen.<\/p>\n<p>Verpflichtungen zur Entfernung oder Sperrung der Nutzung von Informationen nach den allgemeinen Gesetzen bleiben hiervon unber\u00fchrt. Eine diesbez\u00fcgliche Haftung ist jedoch erst ab dem Zeitpunkt der Kenntnis einer konkreten Rechtsverletzung m\u00f6glich. Bei Bekanntwerden von entsprechenden Rechtsverletzungen werden wir diese Inhalte umgehend entfernen.<\/p>\n<h3>Haftung f\u00fcr Links<\/h3>\n<p>Unser Angebot enth\u00e4lt Links zu externen Websites Dritter, auf deren Inhalte wir keinen Einfluss haben. Deshalb k\u00f6nnen wir f\u00fcr diese fremden Inhalte auch keine Gew\u00e4hr \u00fcbernehmen. F\u00fcr die Inhalte der verlinkten Seiten ist stets der jeweilige Anbieter oder Betreiber der Seiten verantwortlich. Die verlinkten Seiten wurden zum Zeitpunkt der Verlinkung auf m\u00f6gliche Rechtsverst\u00f6\u00dfe \u00fcberpr\u00fcft. Rechtswidrige Inhalte waren zum Zeitpunkt der Verlinkung nicht erkennbar.<\/p>\n<p>Eine permanente inhaltliche Kontrolle der verlinkten Seiten ist jedoch ohne konkrete Anhaltspunkte einer Rechtsverletzung nicht zumutbar. Bei Bekanntwerden von Rechtsverletzungen werden wir derartige Links umgehend entfernen.<\/p>\n<h3>Urheberrecht<\/h3>\n<p>Die durch die Seitenbetreiber erstellten Inhalte und Werke auf diesen Seiten unterliegen dem deutschen Urheberrecht. Die Vervielf\u00e4ltigung, Bearbeitung, Verbreitung und jede Art der Verwertung au\u00dferhalb der Grenzen des Urheberrechtes bed\u00fcrfen der schriftlichen Zustimmung des jeweiligen Autors bzw. Erstellers. Downloads und Kopien dieser Seite sind nur f\u00fcr den privaten, nicht kommerziellen Gebrauch gestattet.<\/p>\n<p>Soweit die Inhalte auf dieser Seite nicht vom Betreiber erstellt wurden, werden die Urheberrechte Dritter beachtet. Insbesondere werden Inhalte Dritter als solche gekennzeichnet. Sollten Sie trotzdem auf eine Urheberrechtsverletzung aufmerksam werden, bitten wir um einen entsprechenden Hinweis. Bei Bekanntwerden von Rechtsverletzungen werden wir derartige Inhalte umgehend entfernen.[\/vc_column_text][\/vc_column][\/vc_row]<\/p>\n<\/div>","protected":false},"excerpt":{"rendered":"<p>[vc_row][vc_column][vc_column_text css=&#8220;&#8220;] Angaben gem\u00e4\u00df \u00a7 5 TMG medisynt Deutschland GmbH Gewerbezentrum Wehra &amp; Co KG Todtmooserstrasse 43, Geb\u00e4ude 1 79664 Wehr Vertreten durch: Christina Kiszlinger, Gesch\u00e4ftsf\u00fchrerin Kontakt Telefon: +49 7762 805 46 98 E-Mail: office@medisynt.de Registereintrag: Eintragung im Handelsregister Registernummer: HRB 728027 Amtsgericht Freiburg im Breisgau Steuer-Nr. 20029\/37830 Umsatzsteuer Identifikationsnummer: DE 337412039 EU-Streitschlichtung Die Europ\u00e4ische&hellip;<\/p>\n","protected":false},"author":1,"featured_media":0,"parent":0,"menu_order":0,"comment_status":"closed","ping_status":"closed","template":"","meta":{"_acf_changed":false,"footnotes":""},"class_list":["post-2552","page","type-page","status-publish","hentry","description-off"],"acf":[],"yoast_head":"<!-- This site is optimized with the Yoast SEO Premium plugin v27.5 (Yoast SEO v27.6) - https:\/\/yoast.com\/product\/yoast-seo-premium-wordpress\/ -->\n<title>Impressum Hinweise zu unserer Webseite &#187; medisynt Deutschland GmbH<\/title>\n<meta name=\"description\" content=\"Impressum &amp; Service | Todtmooserstrasse 43 \u00b7 D-79664 Wehr \u27a4 Wir freuen uns auf Ihre Nachricht! \u260e +49 7762 805 46 98 \u2709 office@medisynt.de\" \/>\n<meta name=\"robots\" content=\"index, follow, max-snippet:-1, max-image-preview:large, max-video-preview:-1\" \/>\n<link rel=\"canonical\" href=\"https:\/\/medisynt.com\/de\/impressum\/\" \/>\n<meta property=\"og:locale\" content=\"de_DE\" \/>\n<meta property=\"og:type\" content=\"article\" \/>\n<meta property=\"og:title\" content=\"Impressum\" \/>\n<meta property=\"og:description\" content=\"Impressum &amp; Service | Todtmooserstrasse 43 \u00b7 D-79664 Wehr \u27a4 Wir freuen uns auf Ihre Nachricht! \u260e +49 7762 805 46 98 \u2709 office@medisynt.de\" \/>\n<meta property=\"og:url\" content=\"https:\/\/medisynt.com\/de\/impressum\/\" \/>\n<meta property=\"og:site_name\" content=\"medisynt Deutschland GmbH\" \/>\n<meta property=\"article:modified_time\" content=\"2024-12-13T14:08:38+00:00\" \/>\n<meta name=\"twitter:card\" content=\"summary_large_image\" \/>\n<meta name=\"twitter:label1\" content=\"Gesch\u00e4tzte Lesezeit\" \/>\n\t<meta name=\"twitter:data1\" content=\"3\u00a0Minuten\" \/>\n<script type=\"application\/ld+json\" class=\"yoast-schema-graph\">{\"@context\":\"https:\\\/\\\/schema.org\",\"@graph\":[{\"@type\":\"WebPage\",\"@id\":\"https:\\\/\\\/medisynt.com\\\/de\\\/impressum\\\/\",\"url\":\"https:\\\/\\\/medisynt.com\\\/de\\\/impressum\\\/\",\"name\":\"Impressum Hinweise zu unserer Webseite &#187; medisynt Deutschland GmbH\",\"isPartOf\":{\"@id\":\"https:\\\/\\\/medisynt.com\\\/de\\\/#website\"},\"datePublished\":\"2020-06-02T14:38:34+00:00\",\"dateModified\":\"2024-12-13T14:08:38+00:00\",\"description\":\"Impressum & Service | Todtmooserstrasse 43 \u00b7 D-79664 Wehr \u27a4 Wir freuen uns auf Ihre Nachricht! \u260e +49 7762 805 46 98 \u2709 office@medisynt.de\",\"breadcrumb\":{\"@id\":\"https:\\\/\\\/medisynt.com\\\/de\\\/impressum\\\/#breadcrumb\"},\"inLanguage\":\"de\",\"potentialAction\":[{\"@type\":\"ReadAction\",\"target\":[\"https:\\\/\\\/medisynt.com\\\/de\\\/impressum\\\/\"]}]},{\"@type\":\"BreadcrumbList\",\"@id\":\"https:\\\/\\\/medisynt.com\\\/de\\\/impressum\\\/#breadcrumb\",\"itemListElement\":[{\"@type\":\"ListItem\",\"position\":1,\"name\":\"Startseite\",\"item\":\"https:\\\/\\\/medisynt.com\\\/de\\\/\"},{\"@type\":\"ListItem\",\"position\":2,\"name\":\"Impressum\"}]},{\"@type\":\"WebSite\",\"@id\":\"https:\\\/\\\/medisynt.com\\\/de\\\/#website\",\"url\":\"https:\\\/\\\/medisynt.com\\\/de\\\/\",\"name\":\"medisynt Deutschland GmbH\",\"description\":\"\",\"potentialAction\":[{\"@type\":\"SearchAction\",\"target\":{\"@type\":\"EntryPoint\",\"urlTemplate\":\"https:\\\/\\\/medisynt.com\\\/de\\\/?s={search_term_string}\"},\"query-input\":{\"@type\":\"PropertyValueSpecification\",\"valueRequired\":true,\"valueName\":\"search_term_string\"}}],\"inLanguage\":\"de\"}]}<\/script>\n<!-- \/ Yoast SEO Premium plugin. -->","yoast_head_json":{"title":"Impressum Hinweise zu unserer Webseite &#187; medisynt Deutschland GmbH","description":"Impressum & Service | Todtmooserstrasse 43 \u00b7 D-79664 Wehr \u27a4 Wir freuen uns auf Ihre Nachricht! \u260e +49 7762 805 46 98 \u2709 office@medisynt.de","robots":{"index":"index","follow":"follow","max-snippet":"max-snippet:-1","max-image-preview":"max-image-preview:large","max-video-preview":"max-video-preview:-1"},"canonical":"https:\/\/medisynt.com\/de\/impressum\/","og_locale":"de_DE","og_type":"article","og_title":"Impressum","og_description":"Impressum & Service | Todtmooserstrasse 43 \u00b7 D-79664 Wehr \u27a4 Wir freuen uns auf Ihre Nachricht! \u260e +49 7762 805 46 98 \u2709 office@medisynt.de","og_url":"https:\/\/medisynt.com\/de\/impressum\/","og_site_name":"medisynt Deutschland GmbH","article_modified_time":"2024-12-13T14:08:38+00:00","twitter_card":"summary_large_image","twitter_misc":{"Gesch\u00e4tzte Lesezeit":"3\u00a0Minuten"},"schema":{"@context":"https:\/\/schema.org","@graph":[{"@type":"WebPage","@id":"https:\/\/medisynt.com\/de\/impressum\/","url":"https:\/\/medisynt.com\/de\/impressum\/","name":"Impressum Hinweise zu unserer Webseite &#187; medisynt Deutschland GmbH","isPartOf":{"@id":"https:\/\/medisynt.com\/de\/#website"},"datePublished":"2020-06-02T14:38:34+00:00","dateModified":"2024-12-13T14:08:38+00:00","description":"Impressum & Service | Todtmooserstrasse 43 \u00b7 D-79664 Wehr \u27a4 Wir freuen uns auf Ihre Nachricht! \u260e +49 7762 805 46 98 \u2709 office@medisynt.de","breadcrumb":{"@id":"https:\/\/medisynt.com\/de\/impressum\/#breadcrumb"},"inLanguage":"de","potentialAction":[{"@type":"ReadAction","target":["https:\/\/medisynt.com\/de\/impressum\/"]}]},{"@type":"BreadcrumbList","@id":"https:\/\/medisynt.com\/de\/impressum\/#breadcrumb","itemListElement":[{"@type":"ListItem","position":1,"name":"Startseite","item":"https:\/\/medisynt.com\/de\/"},{"@type":"ListItem","position":2,"name":"Impressum"}]},{"@type":"WebSite","@id":"https:\/\/medisynt.com\/de\/#website","url":"https:\/\/medisynt.com\/de\/","name":"medisynt Deutschland GmbH","description":"","potentialAction":[{"@type":"SearchAction","target":{"@type":"EntryPoint","urlTemplate":"https:\/\/medisynt.com\/de\/?s={search_term_string}"},"query-input":{"@type":"PropertyValueSpecification","valueRequired":true,"valueName":"search_term_string"}}],"inLanguage":"de"}]}},"_links":{"self":[{"href":"https:\/\/medisynt.com\/de\/wp-json\/wp\/v2\/pages\/2552","targetHints":{"allow":["GET"]}}],"collection":[{"href":"https:\/\/medisynt.com\/de\/wp-json\/wp\/v2\/pages"}],"about":[{"href":"https:\/\/medisynt.com\/de\/wp-json\/wp\/v2\/types\/page"}],"author":[{"embeddable":true,"href":"https:\/\/medisynt.com\/de\/wp-json\/wp\/v2\/users\/1"}],"replies":[{"embeddable":true,"href":"https:\/\/medisynt.com\/de\/wp-json\/wp\/v2\/comments?post=2552"}],"version-history":[{"count":11,"href":"https:\/\/medisynt.com\/de\/wp-json\/wp\/v2\/pages\/2552\/revisions"}],"predecessor-version":[{"id":22152,"href":"https:\/\/medisynt.com\/de\/wp-json\/wp\/v2\/pages\/2552\/revisions\/22152"}],"wp:attachment":[{"href":"https:\/\/medisynt.com\/de\/wp-json\/wp\/v2\/media?parent=2552"}],"curies":[{"name":"wp","href":"https:\/\/api.w.org\/{rel}","templated":true}]}}