{"id":4207,"date":"2021-07-03T13:12:59","date_gmt":"2021-07-03T11:12:59","guid":{"rendered":"https:\/\/medisynt.com\/at\/?page_id=4207"},"modified":"2021-07-03T13:17:03","modified_gmt":"2021-07-03T11:17:03","slug":"probelt","status":"publish","type":"page","link":"https:\/\/medisynt.com\/de\/probelt\/","title":{"rendered":"ProBelt"},"content":{"rendered":"<div class=\"wpb-content-wrapper\"><p>[vc_row css=&#8220;.vc_custom_1602179291419{padding-top: 20px !important;padding-bottom: 10px !important;}&#8220;][vc_column css=&#8220;.vc_custom_1515176050896{padding-top: 10px !important;padding-bottom: 50px !important;background-position: center !important;background-repeat: no-repeat !important;background-size: cover !important;}&#8220; offset=&#8220;vc_col-lg-6 vc_col-md-6&#8243;][vc_row_inner][vc_column_inner][vc_single_image image=&#8220;4115&#8243; img_size=&#8220;full&#8220; alignment=&#8220;center&#8220; style=&#8220;vc_box_shadow&#8220; onclick=&#8220;zoom&#8220;][\/vc_column_inner][\/vc_row_inner][\/vc_column][vc_column css=&#8220;.vc_custom_1624616858688{padding-top: 0px !important;padding-bottom: 30px !important;background-position: center !important;background-repeat: no-repeat !important;background-size: cover !important;}&#8220; offset=&#8220;vc_col-lg-6 vc_col-md-6&#8243;]<div id=\"ultimate-heading-330269e0c95a2c6e7\" class=\"uvc-heading ult-adjust-bottom-margin ultimate-heading-330269e0c95a2c6e7 uvc-8832 accent-border-color accent-title-color\" data-hspacer=\"line_only\"  data-halign=\"left\" style=\"text-align:left\"><div class=\"uvc-main-heading ult-responsive\"  data-ultimate-target='.uvc-heading.ultimate-heading-330269e0c95a2c6e7 h2'  data-responsive-json-new='{\"font-size\":\"desktop:28px;mobile_landscape:24px;\",\"line-height\":\"desktop:34px;mobile_landscape:30px;\"}' ><h2 style=\"--font-weight:theme;margin-bottom:15px;\">ProBelt &amp; ProBelt Thorax<\/h2><\/div><div class=\"uvc-heading-spacer line_only\" style=\"margin-bottom:15px;height:3px;\"><span class=\"uvc-headings-line\" style=\"border-style:solid;border-bottom-width:3px;border-color:;width:150px;\"><\/span><\/div><div class=\"uvc-sub-heading ult-responsive\"  data-ultimate-target='.uvc-heading.ultimate-heading-330269e0c95a2c6e7 .uvc-sub-heading '  data-responsive-json-new='{\"font-size\":\"desktop:22px;mobile_landscape:18px;\",\"line-height\":\"desktop:28px;mobile_landscape:24px;\"}'  style=\"font-weight:normal;margin-bottom:10px;\">Hygienisch einwandfreie CT-Gurte und Fixiersysteme<\/div><\/div>[vc_column_text css=&#8220;.vc_custom_1624633578696{margin-bottom: 15px !important;}&#8220;]ProBelt ist das innovative Gurt-System, welches die Fixierung von Patienten in der Radiologie komplett ohne Klettverschluss erm\u00f6glicht. Es ist f\u00fcr CT-Tischschienen aller Hersteller und weiteren Versionen verf\u00fcgbar.<\/p>\n<p>Die Patientenlagerung in der Computertomographie kann insbesondere bei traumatisierten und desorientierten Notfallpatienten oder auch bei sehr alten, immobilen und unkooperativen Patienten eine gro\u00dfe Herausforderung sein. F\u00fcr sichere und reibungslose Untersuchungsabl\u00e4ufe ist es wichtig die Patienten zuverl\u00e4ssig zu stabilisieren.<\/p>\n<p>Im Anschluss an die Untersuchung muss eine gr\u00fcndliche Reinigung und Desinfektion schnell und einfach m\u00f6glich sein. Dabei m\u00fcssen die Lagerungshilfen aufgrund der Verwendung im Notfallumfeld oder bei infekti\u00f6sen Patienten auch dem regelm\u00e4\u00dfigen Einsatz von starken Desinfektionsmitteln standhalten.[\/vc_column_text][\/vc_column][\/vc_row][vc_row bg_type=&#8220;bg_color&#8220; bg_override=&#8220;ex-full&#8220; bg_color_value=&#8220;#edeff1&#8243; css=&#8220;.vc_custom_1591189894993{padding-bottom: 20px !important;}&#8220;][vc_column]<div id=\"ultimate-heading-105269e0c95a2c737\" class=\"uvc-heading ult-adjust-bottom-margin ultimate-heading-105269e0c95a2c737 uvc-459 accent-border-color accent-title-color\" data-hspacer=\"line_only\"  data-halign=\"left\" style=\"text-align:left\"><div class=\"uvc-main-heading ult-responsive\"  data-ultimate-target='.uvc-heading.ultimate-heading-105269e0c95a2c737 h2'  data-responsive-json-new='{\"font-size\":\"desktop:28px;mobile_landscape:24px;\",\"line-height\":\"desktop:34px;mobile_landscape:30px;\"}' ><h2 style=\"--font-weight:theme;margin-bottom:15px;\">Vorteile<\/h2><\/div><div class=\"uvc-heading-spacer line_only\" style=\"margin-bottom:25px;height:3px;\"><span class=\"uvc-headings-line\" style=\"border-style:solid;border-bottom-width:3px;border-color:;width:150px;\"><\/span><\/div><\/div>[vc_row_inner][vc_column_inner width=&#8220;1\/2&#8243;]<div class=\"aio-icon-component    style_1\"><div id=\"Info-box-wrap-8467\" class=\"aio-icon-box left-icon\" style=\"\"  ><div class=\"aio-icon-left\"><div class=\"ult-just-icon-wrapper  \"><div class=\"align-icon\" style=\"text-align:center;\">\n<div class=\"aio-icon none \"  style=\"color:#060e18;font-size:32px;display:inline-block;\">\n\t<i class=\"far fa-check-circle\"><\/i>\n<\/div><\/div><\/div><\/div><div class=\"aio-ibd-block\"><div class=\"aio-icon-header\" ><h3 class=\"aio-icon-title ult-responsive\"  data-ultimate-target='#Info-box-wrap-8467 .aio-icon-title'  data-responsive-json-new='{\"font-size\":\"desktop:22px;mobile_landscape:18px;\",\"line-height\":\"desktop:28px;mobile_landscape:24px;\"}'  style=\"\">HOHE STRAPAZIERF\u00c4HIGKEIT<\/h3><\/div> <!-- header --><div class=\"aio-icon-description ult-responsive\"  data-ultimate-target='#Info-box-wrap-8467 .aio-icon-description'  data-responsive-json-new='{\"font-size\":\"\",\"line-height\":\"\"}'  style=\"\"><\/p>\n<ul>\n<li>Belastbare Materialien mit hochwertiger Verarbeitung<\/li>\n<li>Hervorragende Fixierleistung auch bei unkooperativen Patienten.<\/li>\n<\/ul>\n<p><\/div> <!-- description --><\/div> <!-- aio-ibd-block --><\/div> <!-- aio-icon-box --><\/div> <!-- aio-icon-component --><div class=\"aio-icon-component    style_1\"><div id=\"Info-box-wrap-5618\" class=\"aio-icon-box left-icon\" style=\"\"  ><div class=\"aio-icon-left\"><div class=\"ult-just-icon-wrapper  \"><div class=\"align-icon\" style=\"text-align:center;\">\n<div class=\"aio-icon none \"  style=\"color:#060e18;font-size:32px;display:inline-block;\">\n\t<i class=\"far fa-check-circle\"><\/i>\n<\/div><\/div><\/div><\/div><div class=\"aio-ibd-block\"><div class=\"aio-icon-header\" ><h3 class=\"aio-icon-title ult-responsive\"  data-ultimate-target='#Info-box-wrap-5618 .aio-icon-title'  data-responsive-json-new='{\"font-size\":\"desktop:22px;mobile_landscape:18px;\",\"line-height\":\"desktop:28px;mobile_landscape:24px;\"}'  style=\"\">HYGIENISCH EINWANDFREI<\/h3><\/div> <!-- header --><div class=\"aio-icon-description ult-responsive\"  data-ultimate-target='#Info-box-wrap-5618 .aio-icon-description'  data-responsive-json-new='{\"font-size\":\"\",\"line-height\":\"\"}'  style=\"\"><\/p>\n<ul>\n<li>Glatte PU-Oberfl\u00e4che ohne Klettverschluss<\/li>\n<li>Bedenkenlos desinfizierbar auch mit 90% Alkohol<\/li>\n<\/ul>\n<p><\/div> <!-- description --><\/div> <!-- aio-ibd-block --><\/div> <!-- aio-icon-box --><\/div> <!-- aio-icon-component -->[\/vc_column_inner][vc_column_inner width=&#8220;1\/2&#8243;]<div class=\"aio-icon-component    style_1\"><div id=\"Info-box-wrap-4561\" class=\"aio-icon-box left-icon\" style=\"\"  ><div class=\"aio-icon-left\"><div class=\"ult-just-icon-wrapper  \"><div class=\"align-icon\" style=\"text-align:center;\">\n<div class=\"aio-icon none \"  style=\"color:#060e18;font-size:32px;display:inline-block;\">\n\t<i class=\"far fa-check-circle\"><\/i>\n<\/div><\/div><\/div><\/div><div class=\"aio-ibd-block\"><div class=\"aio-icon-header\" ><h3 class=\"aio-icon-title ult-responsive\"  data-ultimate-target='#Info-box-wrap-4561 .aio-icon-title'  data-responsive-json-new='{\"font-size\":\"desktop:22px;mobile_landscape:18px;\",\"line-height\":\"desktop:28px;mobile_landscape:24px;\"}'  style=\"\">EINFACHE, SCHNELLE HANDHABUNG<\/h3><\/div> <!-- header --><div class=\"aio-icon-description ult-responsive\"  data-ultimate-target='#Info-box-wrap-4561 .aio-icon-description'  data-responsive-json-new='{\"font-size\":\"\",\"line-height\":\"\"}'  style=\"\"><\/p>\n<ul>\n<li>Positionierung mittels Tischschiene<\/li>\n<li>Intuitiver Verschlussmechanismus<\/li>\n<\/ul>\n<p><\/div> <!-- description --><\/div> <!-- aio-ibd-block --><\/div> <!-- aio-icon-box --><\/div> <!-- aio-icon-component -->[\/vc_column_inner][\/vc_row_inner][\/vc_column][\/vc_row][vc_row css=&#8220;.vc_custom_1624618356256{padding-top: 30px !important;}&#8220;][vc_column]<div id=\"ult-carousel-47932966169e0c95a2ca33\" class=\"ult-carousel-wrapper   ult_horizontal\" data-gutter=\"30\" data-rtl=\"false\" ><div class=\"ult-carousel-255778907469e0c95a2c9a2 \" >[vc_single_image image=&#8220;4126&#8243; img_size=&#8220;full&#8220; alignment=&#8220;center&#8220; style=&#8220;vc_box_shadow&#8220; css=&#8220;.vc_custom_1624633028713{padding-right: 5px !important;padding-left: 5px !important;}&#8220;][vc_single_image image=&#8220;4127&#8243; img_size=&#8220;full&#8220; alignment=&#8220;center&#8220; css=&#8220;.vc_custom_1624633105678{padding-right: 5px !important;padding-left: 5px !important;}&#8220;][vc_single_image image=&#8220;4128&#8243; img_size=&#8220;full&#8220; alignment=&#8220;center&#8220; css=&#8220;.vc_custom_1624633074462{padding-right: 5px !important;padding-left: 5px !important;}&#8220;][vc_single_image image=&#8220;4129&#8243; img_size=&#8220;full&#8220; alignment=&#8220;center&#8220; css=&#8220;.vc_custom_1624633099343{padding-right: 5px !important;padding-left: 5px !important;}&#8220;][vc_single_image image=&#8220;4130&#8243; img_size=&#8220;full&#8220; alignment=&#8220;center&#8220; css=&#8220;.vc_custom_1624633136343{padding-right: 5px !important;padding-left: 5px !important;}&#8220;][vc_single_image image=&#8220;4131&#8243; img_size=&#8220;full&#8220; alignment=&#8220;center&#8220; css=&#8220;.vc_custom_1624633159687{padding-right: 5px !important;padding-left: 5px !important;}&#8220;]<\/div><\/div>\t\t\t<script type=\"text\/javascript\">\n\t\t\t\tjQuery(document).ready(function ($) {\n\t\t\t\t\tif( typeof jQuery('.ult-carousel-255778907469e0c95a2c9a2').slick == \"function\"){\n\t\t\t\t\t\t$('.ult-carousel-255778907469e0c95a2c9a2').slick({dots: true,autoplay: true,autoplaySpeed: \"5000\",speed: \"300\",infinite: true,arrows: false,slidesToScroll:2,slidesToShow:2,swipe: true,draggable: true,touchMove: true,pauseOnHover: true,pauseOnFocus: false,responsive: [\n\t\t\t\t\t\t\t{\n\t\t\t\t\t\t\t  breakpoint: 1026,\n\t\t\t\t\t\t\t  settings: {\n\t\t\t\t\t\t\t\tslidesToShow: 2,\n\t\t\t\t\t\t\t\tslidesToScroll: 2,  \n\t\t\t\t\t\t\t  }\n\t\t\t\t\t\t\t},\n\t\t\t\t\t\t\t{\n\t\t\t\t\t\t\t  breakpoint: 1025,\n\t\t\t\t\t\t\t  settings: {\n\t\t\t\t\t\t\t\tslidesToShow: 2,\n\t\t\t\t\t\t\t\tslidesToScroll: 2\n\t\t\t\t\t\t\t  }\n\t\t\t\t\t\t\t},\n\t\t\t\t\t\t\t{\n\t\t\t\t\t\t\t  breakpoint: 760,\n\t\t\t\t\t\t\t  settings: {\n\t\t\t\t\t\t\t\tslidesToShow: 1,\n\t\t\t\t\t\t\t\tslidesToScroll: 1\n\t\t\t\t\t\t\t  }\n\t\t\t\t\t\t\t}\n\t\t\t\t\t\t],pauseOnDotsHover: true,customPaging: function(slider, i) {\n                   return '<i type=\"button\" style= \"color:#007aa4;\" class=\"ultsl-record\" data-role=\"none\"><\/i>';\n                },});\n\t\t\t\t\t}\n\t\t\t\t});\n\t\t\t<\/script>\n\t\t\t[\/vc_column][\/vc_row]<\/p>\n<\/div>","protected":false},"excerpt":{"rendered":"<p>[vc_row css=&#8220;.vc_custom_1602179291419{padding-top: 20px !important;padding-bottom: 10px !important;}&#8220;][vc_column css=&#8220;.vc_custom_1515176050896{padding-top: 10px !important;padding-bottom: 50px !important;background-position: center !important;background-repeat: no-repeat !important;background-size: cover !important;}&#8220; offset=&#8220;vc_col-lg-6 vc_col-md-6&#8243;][vc_row_inner][vc_column_inner][vc_single_image image=&#8220;4115&#8243; img_size=&#8220;full&#8220; alignment=&#8220;center&#8220; style=&#8220;vc_box_shadow&#8220; onclick=&#8220;zoom&#8220;][\/vc_column_inner][\/vc_row_inner][\/vc_column][vc_column css=&#8220;.vc_custom_1624616858688{padding-top: 0px !important;padding-bottom: 30px !important;background-position: center !important;background-repeat: no-repeat !important;background-size: cover !important;}&#8220; offset=&#8220;vc_col-lg-6 vc_col-md-6&#8243;][vc_column_text css=&#8220;.vc_custom_1624633578696{margin-bottom: 15px !important;}&#8220;]ProBelt ist das innovative Gurt-System, welches die Fixierung von Patienten in der Radiologie komplett ohne Klettverschluss&hellip;<\/p>\n","protected":false},"author":1,"featured_media":0,"parent":0,"menu_order":0,"comment_status":"closed","ping_status":"closed","template":"","meta":{"footnotes":""},"class_list":["post-4207","page","type-page","status-publish","hentry","description-off"],"yoast_head":"<!-- This site is optimized with the Yoast SEO Premium plugin v27.2 (Yoast SEO v27.4) - https:\/\/yoast.com\/product\/yoast-seo-premium-wordpress\/ -->\n<title>ProBelt &#187; medisynt Deutschland GmbH<\/title>\n<meta name=\"robots\" content=\"index, follow, max-snippet:-1, max-image-preview:large, max-video-preview:-1\" \/>\n<link rel=\"canonical\" href=\"https:\/\/medisynt.com\/de\/probelt\/\" \/>\n<meta property=\"og:locale\" content=\"de_DE\" \/>\n<meta property=\"og:type\" content=\"article\" \/>\n<meta property=\"og:title\" content=\"ProBelt\" \/>\n<meta property=\"og:description\" content=\"[vc_row css=&#8220;.vc_custom_1602179291419{padding-top: 20px !important;padding-bottom: 10px !important;}&#8220;][vc_column css=&#8220;.vc_custom_1515176050896{padding-top: 10px !important;padding-bottom: 50px !important;background-position: center !important;background-repeat: no-repeat !important;background-size: cover !important;}&#8220; offset=&#8220;vc_col-lg-6 vc_col-md-6&#8243;][vc_row_inner][vc_column_inner][vc_single_image image=&#8220;4115&#8243; img_size=&#8220;full&#8220; alignment=&#8220;center&#8220; style=&#8220;vc_box_shadow&#8220; onclick=&#8220;zoom&#8220;][\/vc_column_inner][\/vc_row_inner][\/vc_column][vc_column css=&#8220;.vc_custom_1624616858688{padding-top: 0px !important;padding-bottom: 30px !important;background-position: center !important;background-repeat: no-repeat !important;background-size: cover !important;}&#8220; offset=&#8220;vc_col-lg-6 vc_col-md-6&#8243;][vc_column_text css=&#8220;.vc_custom_1624633578696{margin-bottom: 15px !important;}&#8220;]ProBelt ist das innovative Gurt-System, welches die Fixierung von Patienten in der Radiologie komplett ohne Klettverschluss&hellip;\" \/>\n<meta property=\"og:url\" content=\"https:\/\/medisynt.com\/de\/probelt\/\" \/>\n<meta property=\"og:site_name\" content=\"medisynt Deutschland GmbH\" \/>\n<meta property=\"article:modified_time\" content=\"2021-07-03T11:17:03+00:00\" \/>\n<meta name=\"twitter:card\" content=\"summary_large_image\" \/>\n<meta name=\"twitter:label1\" content=\"Gesch\u00e4tzte Lesezeit\" \/>\n\t<meta name=\"twitter:data1\" content=\"2\u00a0Minuten\" \/>\n<script type=\"application\/ld+json\" class=\"yoast-schema-graph\">{\"@context\":\"https:\\\/\\\/schema.org\",\"@graph\":[{\"@type\":\"WebPage\",\"@id\":\"https:\\\/\\\/medisynt.com\\\/de\\\/probelt\\\/\",\"url\":\"https:\\\/\\\/medisynt.com\\\/de\\\/probelt\\\/\",\"name\":\"ProBelt &#187; medisynt Deutschland GmbH\",\"isPartOf\":{\"@id\":\"https:\\\/\\\/medisynt.com\\\/de\\\/#website\"},\"datePublished\":\"2021-07-03T11:12:59+00:00\",\"dateModified\":\"2021-07-03T11:17:03+00:00\",\"breadcrumb\":{\"@id\":\"https:\\\/\\\/medisynt.com\\\/de\\\/probelt\\\/#breadcrumb\"},\"inLanguage\":\"de\",\"potentialAction\":[{\"@type\":\"ReadAction\",\"target\":[\"https:\\\/\\\/medisynt.com\\\/de\\\/probelt\\\/\"]}]},{\"@type\":\"BreadcrumbList\",\"@id\":\"https:\\\/\\\/medisynt.com\\\/de\\\/probelt\\\/#breadcrumb\",\"itemListElement\":[{\"@type\":\"ListItem\",\"position\":1,\"name\":\"Startseite\",\"item\":\"https:\\\/\\\/medisynt.com\\\/de\\\/\"},{\"@type\":\"ListItem\",\"position\":2,\"name\":\"ProBelt\"}]},{\"@type\":\"WebSite\",\"@id\":\"https:\\\/\\\/medisynt.com\\\/de\\\/#website\",\"url\":\"https:\\\/\\\/medisynt.com\\\/de\\\/\",\"name\":\"medisynt Deutschland GmbH\",\"description\":\"\",\"potentialAction\":[{\"@type\":\"SearchAction\",\"target\":{\"@type\":\"EntryPoint\",\"urlTemplate\":\"https:\\\/\\\/medisynt.com\\\/de\\\/?s={search_term_string}\"},\"query-input\":{\"@type\":\"PropertyValueSpecification\",\"valueRequired\":true,\"valueName\":\"search_term_string\"}}],\"inLanguage\":\"de\"}]}<\/script>\n<!-- \/ Yoast SEO Premium plugin. -->","yoast_head_json":{"title":"ProBelt &#187; medisynt Deutschland GmbH","robots":{"index":"index","follow":"follow","max-snippet":"max-snippet:-1","max-image-preview":"max-image-preview:large","max-video-preview":"max-video-preview:-1"},"canonical":"https:\/\/medisynt.com\/de\/probelt\/","og_locale":"de_DE","og_type":"article","og_title":"ProBelt","og_description":"[vc_row css=&#8220;.vc_custom_1602179291419{padding-top: 20px !important;padding-bottom: 10px !important;}&#8220;][vc_column css=&#8220;.vc_custom_1515176050896{padding-top: 10px !important;padding-bottom: 50px !important;background-position: center !important;background-repeat: no-repeat !important;background-size: cover !important;}&#8220; offset=&#8220;vc_col-lg-6 vc_col-md-6&#8243;][vc_row_inner][vc_column_inner][vc_single_image image=&#8220;4115&#8243; img_size=&#8220;full&#8220; alignment=&#8220;center&#8220; style=&#8220;vc_box_shadow&#8220; onclick=&#8220;zoom&#8220;][\/vc_column_inner][\/vc_row_inner][\/vc_column][vc_column css=&#8220;.vc_custom_1624616858688{padding-top: 0px !important;padding-bottom: 30px !important;background-position: center !important;background-repeat: no-repeat !important;background-size: cover !important;}&#8220; offset=&#8220;vc_col-lg-6 vc_col-md-6&#8243;][vc_column_text css=&#8220;.vc_custom_1624633578696{margin-bottom: 15px !important;}&#8220;]ProBelt ist das innovative Gurt-System, welches die Fixierung von Patienten in der Radiologie komplett ohne Klettverschluss&hellip;","og_url":"https:\/\/medisynt.com\/de\/probelt\/","og_site_name":"medisynt Deutschland GmbH","article_modified_time":"2021-07-03T11:17:03+00:00","twitter_card":"summary_large_image","twitter_misc":{"Gesch\u00e4tzte Lesezeit":"2\u00a0Minuten"},"schema":{"@context":"https:\/\/schema.org","@graph":[{"@type":"WebPage","@id":"https:\/\/medisynt.com\/de\/probelt\/","url":"https:\/\/medisynt.com\/de\/probelt\/","name":"ProBelt &#187; medisynt Deutschland GmbH","isPartOf":{"@id":"https:\/\/medisynt.com\/de\/#website"},"datePublished":"2021-07-03T11:12:59+00:00","dateModified":"2021-07-03T11:17:03+00:00","breadcrumb":{"@id":"https:\/\/medisynt.com\/de\/probelt\/#breadcrumb"},"inLanguage":"de","potentialAction":[{"@type":"ReadAction","target":["https:\/\/medisynt.com\/de\/probelt\/"]}]},{"@type":"BreadcrumbList","@id":"https:\/\/medisynt.com\/de\/probelt\/#breadcrumb","itemListElement":[{"@type":"ListItem","position":1,"name":"Startseite","item":"https:\/\/medisynt.com\/de\/"},{"@type":"ListItem","position":2,"name":"ProBelt"}]},{"@type":"WebSite","@id":"https:\/\/medisynt.com\/de\/#website","url":"https:\/\/medisynt.com\/de\/","name":"medisynt Deutschland GmbH","description":"","potentialAction":[{"@type":"SearchAction","target":{"@type":"EntryPoint","urlTemplate":"https:\/\/medisynt.com\/de\/?s={search_term_string}"},"query-input":{"@type":"PropertyValueSpecification","valueRequired":true,"valueName":"search_term_string"}}],"inLanguage":"de"}]}},"_links":{"self":[{"href":"https:\/\/medisynt.com\/de\/wp-json\/wp\/v2\/pages\/4207","targetHints":{"allow":["GET"]}}],"collection":[{"href":"https:\/\/medisynt.com\/de\/wp-json\/wp\/v2\/pages"}],"about":[{"href":"https:\/\/medisynt.com\/de\/wp-json\/wp\/v2\/types\/page"}],"author":[{"embeddable":true,"href":"https:\/\/medisynt.com\/de\/wp-json\/wp\/v2\/users\/1"}],"replies":[{"embeddable":true,"href":"https:\/\/medisynt.com\/de\/wp-json\/wp\/v2\/comments?post=4207"}],"version-history":[{"count":1,"href":"https:\/\/medisynt.com\/de\/wp-json\/wp\/v2\/pages\/4207\/revisions"}],"predecessor-version":[{"id":19192,"href":"https:\/\/medisynt.com\/de\/wp-json\/wp\/v2\/pages\/4207\/revisions\/19192"}],"wp:attachment":[{"href":"https:\/\/medisynt.com\/de\/wp-json\/wp\/v2\/media?parent=4207"}],"curies":[{"name":"wp","href":"https:\/\/api.w.org\/{rel}","templated":true}]}}